{"id":91,"date":"2014-08-20T15:42:11","date_gmt":"2014-08-20T15:42:11","guid":{"rendered":"http:\/\/www.ayuntamientodeharia.com\/haria\/?page_id=91"},"modified":"2015-01-27T10:02:47","modified_gmt":"2015-01-27T10:02:47","slug":"catalogos","status":"publish","type":"page","link":"https:\/\/www.ayuntamientodeharia.com\/haria\/tramites\/catalogos\/","title":{"rendered":"Cat\u00e1logo"},"content":{"rendered":"<p>A continuaci\u00f3n se indica la documentaci\u00f3n necesaria para la realizaci\u00f3n de los tr\u00e1mites relacionados, la cual deber\u00e1 ser presentada en el registro general de este Ayuntamiento, acompa\u00f1ada de la instacia o solicitud correspondiente.<\/p>\n<p><strong>PADR\u00d3N DE HABITANTES<\/strong><\/p>\n<p style=\"padding-left: 30px;\"><a title=\"Padr\u00f3n de Habitantes \u2013 Alta\" href=\"http:\/\/www.ayuntamientodeharia.com\/haria\/?page_id=258\">Alta<\/a><br \/>\nAlta de Menores<br \/>\nCambio de Domicilio<br \/>\nModificaci\u00f3n de datos personales<br \/>\nRenovaci\u00f3n padronal (Para extranjeros no Comunitarios sin autorizaci\u00f3n de residencia permanente)<br \/>\nSolicitud de certificado de empadronamiento<\/p>\n<p><strong>TR\u00c1MITES DE OFICINA T\u00c9CNICA<\/strong><br \/>\nEn el apartado formularios podr\u00e1 encontrar una serie de tr\u00e1mites b\u00e1sicos, deber\u00e1 descargar el formulario correspondiente, en el cual se le indica la documentaci\u00f3n necesaria a aportar para la realizaci\u00f3n del mismo, tras lo cual deber\u00e1 ser presentado en el registro general de este Ayuntamiento.<\/p>\n","protected":false},"excerpt":{"rendered":"<p>A continuaci\u00f3n se indica la documentaci\u00f3n necesaria para la realizaci\u00f3n de los tr\u00e1mites relacionados, la cual deber\u00e1 ser presentada en el registro general de este Ayuntamiento, acompa\u00f1ada de la instacia o solicitud correspondiente. PADR\u00d3N DE HABITANTES Alta Alta de Menores Cambio de Domicilio Modificaci\u00f3n de datos personales Renovaci\u00f3n padronal (Para extranjeros no Comunitarios sin autorizaci\u00f3n [&hellip;]<\/p>\n","protected":false},"author":2,"featured_media":0,"parent":11,"menu_order":30,"comment_status":"closed","ping_status":"closed","template":"","meta":{"footnotes":""},"class_list":["post-91","page","type-page","status-publish","hentry"],"_links":{"self":[{"href":"https:\/\/www.ayuntamientodeharia.com\/haria\/wp-json\/wp\/v2\/pages\/91","targetHints":{"allow":["GET"]}}],"collection":[{"href":"https:\/\/www.ayuntamientodeharia.com\/haria\/wp-json\/wp\/v2\/pages"}],"about":[{"href":"https:\/\/www.ayuntamientodeharia.com\/haria\/wp-json\/wp\/v2\/types\/page"}],"author":[{"embeddable":true,"href":"https:\/\/www.ayuntamientodeharia.com\/haria\/wp-json\/wp\/v2\/users\/2"}],"replies":[{"embeddable":true,"href":"https:\/\/www.ayuntamientodeharia.com\/haria\/wp-json\/wp\/v2\/comments?post=91"}],"version-history":[{"count":0,"href":"https:\/\/www.ayuntamientodeharia.com\/haria\/wp-json\/wp\/v2\/pages\/91\/revisions"}],"up":[{"embeddable":true,"href":"https:\/\/www.ayuntamientodeharia.com\/haria\/wp-json\/wp\/v2\/pages\/11"}],"wp:attachment":[{"href":"https:\/\/www.ayuntamientodeharia.com\/haria\/wp-json\/wp\/v2\/media?parent=91"}],"curies":[{"name":"wp","href":"https:\/\/api.w.org\/{rel}","templated":true}]}}