{"id":548,"date":"2015-01-29T08:22:29","date_gmt":"2015-01-29T08:22:29","guid":{"rendered":"http:\/\/www.ayuntamientodeharia.com\/haria\/?page_id=548"},"modified":"2026-02-05T08:00:52","modified_gmt":"2026-02-05T08:00:52","slug":"telefonos","status":"publish","type":"page","link":"https:\/\/www.ayuntamientodeharia.com\/haria\/ayuntamiento\/telefonos\/","title":{"rendered":"Tel\u00e9fonos y Correos Electr\u00f3nicos"},"content":{"rendered":"<p><strong>Alcald\u00eda:<\/strong> 928 83 57 37<\/p>\n<p><strong>Centralita:<\/strong> 928 83 52 51 &#8211; 928 83 53 00 &#8211; 928 83 55 12 &#8211; 928 83 50 09 &#8211; 928 83 54 08<\/p>\n<p><strong>Fax:<\/strong> 928 83 51 73<\/p>\n<p><strong>Centro de la Tercera Edad:<\/strong> 928 83 56 33<\/p>\n<p><strong>Guarder\u00eda Municipal:<\/strong> 928 83 54 26<\/p>\n<p><strong>Mercado Municipal de Abastos:<\/strong> 928 83 58 28<\/p>\n<p><strong>Polic\u00eda Local:<\/strong> 928 83 52 52<\/p>\n<p><strong>Polic\u00eda Local Fax:<\/strong> 928 83 52 69<\/p>\n<p><strong>Protecci\u00f3n Civil:<\/strong> 928 83 57 93 &#8211; 637 89 32 24<\/p>\n<p><strong>Residencia Escolar:<\/strong> 928 83 50 76<\/p>\n<p><strong>Servicios Sociales:<\/strong> 928 83 60 18<\/p>\n<p><strong>Tercera Edad:<\/strong> 928 83 56 33<\/p>\n<hr \/>\n<p><center><strong>Si lo desea puede ponerse en contacto con los diferentes departamentos a trav\u00e9s del formulario de contacto o sugerencias, al cual puede acceder haciendo <a href=\"..\/haria\/?page_id=2032\"><u>clic aqu\u00ed<\/u><\/a><\/strong><\/center><\/p>\n<hr \/>\n<p><strong>Agencia de Empleo y Desarrollo Local:<\/strong> aedl@ayuntamientodeharia.com<\/p>\n<p><strong>Agricultura:<\/strong> agricultura@ayuntamientodeharia.com<\/p>\n<p><strong>Alcald\u00eda:<\/strong> alcaldia@ayuntamientodeharia.com<\/p>\n<p><strong>Cultura:<\/strong> cultura@ayuntamientodeharia.com<\/p>\n<p><strong>Intervenci\u00f3n:<\/strong> intervencion@ayuntamientodeharia.com<\/p>\n<p><strong>Juzgado de Paz:<\/strong> juzgado@ayuntamientodeharia.com<\/p>\n<p><strong>Deportes:<\/strong> deportes@ayuntamientodeharia.com<\/p>\n<p><strong>Educaci\u00f3n:<\/strong> educacion@ayuntamientodeharia.com<\/p>\n<p><strong>Festejos:<\/strong> festejos@ayuntamientodeharia.com<\/p>\n<p><strong>La Hoja de Har\u00eda:<\/strong> lahoja@ayuntamientodeharia.com<\/p>\n<p><strong>Tesorer\u00eda:<\/strong> tesoreria@ayuntamientodeharia.com<\/p>\n<p><strong>Oficina T\u00e9cnica:<\/strong> oficinatecnica@ayuntamientodeharia.com<\/p>\n<p><strong>Parque M\u00f3vil:<\/strong> parquemovil@ayuntamientodeharia.com<\/p>\n<p><strong>Polic\u00eda Local:<\/strong> policialocal@ayuntamientodeharia.com<\/p>\n<p><strong>Servicios Sociales:<\/strong> serviciossociales@ayuntamientodeharia.com<\/p>\n<p><strong>Taller de Artesan\u00eda:<\/strong> tallerartesania@ayuntamientodeharia.com<\/p>\n<p><strong>Tercera Edad:<\/strong> terceraedad@ayuntamientodeharia.com<\/p>\n<p>&nbsp;<\/p>\n<p><center><a href=\"javascript:history.back()\"><img decoding=\"async\" title=\"Volver atr\u00e1s\" src=\"..\/..\/1.botones\/flecha.jfif\" alt=\"Regresar\" width=\"50px\" \/><\/a><\/center><\/p>\n","protected":false},"excerpt":{"rendered":"<p>Alcald\u00eda: 928 83 57 37 Centralita: 928 83 52 51 &#8211; 928 83 53 00 &#8211; 928 83 55 12 &#8211; 928 83 50 09 &#8211; 928 83 54 08 Fax: 928 83 51 73 Centro de la Tercera Edad: 928 83 56 33 Guarder\u00eda Municipal: 928 83 54 26 Mercado Municipal de Abastos: 928 [&hellip;]<\/p>\n","protected":false},"author":2,"featured_media":0,"parent":9,"menu_order":135,"comment_status":"closed","ping_status":"closed","template":"","meta":{"footnotes":""},"class_list":["post-548","page","type-page","status-publish","hentry"],"_links":{"self":[{"href":"https:\/\/www.ayuntamientodeharia.com\/haria\/wp-json\/wp\/v2\/pages\/548","targetHints":{"allow":["GET"]}}],"collection":[{"href":"https:\/\/www.ayuntamientodeharia.com\/haria\/wp-json\/wp\/v2\/pages"}],"about":[{"href":"https:\/\/www.ayuntamientodeharia.com\/haria\/wp-json\/wp\/v2\/types\/page"}],"author":[{"embeddable":true,"href":"https:\/\/www.ayuntamientodeharia.com\/haria\/wp-json\/wp\/v2\/users\/2"}],"replies":[{"embeddable":true,"href":"https:\/\/www.ayuntamientodeharia.com\/haria\/wp-json\/wp\/v2\/comments?post=548"}],"version-history":[{"count":11,"href":"https:\/\/www.ayuntamientodeharia.com\/haria\/wp-json\/wp\/v2\/pages\/548\/revisions"}],"predecessor-version":[{"id":34189,"href":"https:\/\/www.ayuntamientodeharia.com\/haria\/wp-json\/wp\/v2\/pages\/548\/revisions\/34189"}],"up":[{"embeddable":true,"href":"https:\/\/www.ayuntamientodeharia.com\/haria\/wp-json\/wp\/v2\/pages\/9"}],"wp:attachment":[{"href":"https:\/\/www.ayuntamientodeharia.com\/haria\/wp-json\/wp\/v2\/media?parent=548"}],"curies":[{"name":"wp","href":"https:\/\/api.w.org\/{rel}","templated":true}]}}