{"id":535,"date":"2015-01-28T13:57:14","date_gmt":"2015-01-28T13:57:14","guid":{"rendered":"http:\/\/www.ayuntamientodeharia.com\/haria\/?page_id=535"},"modified":"2019-01-28T07:36:21","modified_gmt":"2019-01-28T07:36:21","slug":"535-2","status":"publish","type":"page","link":"https:\/\/www.ayuntamientodeharia.com\/haria\/535-2\/","title":{"rendered":"Actividades Dirigidas"},"content":{"rendered":"<h3><span style=\"text-decoration: underline;\"><strong>Gimnasio Municipal<\/strong><\/span><\/h3>\n<p><strong><span style=\"text-decoration: underline;\">Horario<\/span><a href=\"http:\/\/www.ayuntamientodeharia.com\/haria\/wp-content\/uploads\/2015\/01\/Gim.jpg\"><img decoding=\"async\" class=\"alignleft wp-image-540 size-thumbnail\" src=\"http:\/\/www.ayuntamientodeharia.com\/haria\/wp-content\/uploads\/2015\/01\/Gim-150x150.jpg\" alt=\"Gim\" width=\"150\" height=\"150\" \/><\/a><\/strong><\/p>\n<p style=\"padding-left: 180px;\">Lunes a Viernes<\/p>\n<p style=\"padding-left: 210px;\">Ma\u00f1anas: de 8 a 13 horas.<\/p>\n<p style=\"padding-left: 210px;\">Tardes : de 16 a 21 horas<\/p>\n<p>&nbsp;<\/p>\n<p style=\"padding-left: 180px;\">S\u00e1bados: de 8 a 13 horas.<\/p>\n<p>&nbsp;<\/p>\n<p>Para acceder, como usuario, a las instalaciones del Gimnasio Municipal se debe tramitar el Carnet de Usuario, para ello se debe ser mayor de 16 a\u00f1os, y entregar, en las propias instalaciones del Gimnasio la documentaci\u00f3n siguiente:<\/p>\n<p style=\"padding-left: 30px;\">-Certificado m\u00e9dico<br \/>\n-Dos fotos tama\u00f1o carnet<br \/>\n-Fotocopia del D.N.I.<br \/>\n-Justificante de ingreso de 6 \u20ac de la cuota de inscripci\u00f3n y 11 \u20ac de la mensualidad. El ingreso se realizar\u00e1 a la cuenta del ayuntamiento habilitada en la Caja de Canarias.<\/p>\n<p>&nbsp;<\/p>\n<p>Para obtener m\u00e1s informaci\u00f3n puede acudir a las instalaciones sitas juto al CSC &#8216;La Garita&#8217; de Arrieta en el horario indicado o a trav\u00e9s del eMail: <span style=\"text-decoration: underline;\">deportes@ayuntamientodeharia.com<\/span>, o bien llamar a los tel\u00e9fonos 928 83 52 51 &#8211; 928 83 50 09<\/p>\n<p>&nbsp;<br \/>\n<!--\n\n\n\n<h3><span style=\"text-decoration: underline;\"><strong>Actividades Dirigidas<\/strong><\/span><\/h3>\n\n\n&nbsp;\n\n\n<span style=\"text-decoration: underline;\"><strong>AEROBIC (Arrieta)<\/strong><\/span>\n\n\n<p style=\"padding-left: 30px;\">D\u00edas: Martes y Jueves\nHorario: 18 a 19 h.\nLugar: CSC 'La Garita' de Arrieta\nContacto: deportes@ayuntamientodeharia.com\nTel\u00e9fono: 928 83 52 51 \/ 928 83 50 09<\/p>\n\n\n&nbsp;\n\n<span style=\"text-decoration: underline;\"><strong>BADMINTON<\/strong><\/span>\n\n\n<p style=\"padding-left: 30px;\">D\u00edas: Martes y Jueves\nHorario: De 16:30 a 18 h.\nLugar:\u00a0Pabell\u00f3n Municipal de Har\u00eda\nContacto: deportes@ayuntamientodeharia.com\nTel\u00e9fono: 928 83 52 51 \/ 928 83 50 09<\/p>\n\n\n&nbsp;\n\n<span style=\"text-decoration: underline;\"><strong>BALONCESTO<\/strong><\/span>\n\n\n<p style=\"padding-left: 30px;\">D\u00edas: De Lunes a Viernes\nHorario: De 16 a 18:15 h.\nLugar: Pabell\u00f3n Municipal de Har\u00eda\nContacto: Club de Baloncesto Har\u00eda Vuelta Arriba\nTel\u00e9fono: 928 83 52 51 \/ 928 83 50 09<\/p>\n\n\n&nbsp;\n\n<span style=\"text-decoration: underline;\"><strong>BOXEO<\/strong><\/span>\n\n\n<p style=\"padding-left: 30px;\">D\u00edas: De Lunes a Viernes\nHorario: De 17 a 20 horas\nLugar: Gimnasio Municipal (Arrieta)\nContacto: deportes@ayuntamientodeharia.com\nTel\u00e9fono: 928 83 52 51 \/ 928 83 50 09<\/p>\n\n\n&nbsp;\n\n<span style=\"text-decoration: underline;\"><strong>F\u00daTBOL<\/strong><\/span>\n\n\n<p style=\"padding-left: 30px;\">D\u00edas: De Lunes a Viernes\nHorario: De 17 a 20 h.\nLugar: Campo Municipal de F\u00fatbol de Har\u00eda\nContacto: www.hariaclubdefutbol.com\nTel\u00e9fono: 928 83 52 59<\/p>\n\n\n&nbsp;\n\n<span style=\"text-decoration: underline;\"><strong>JUDO<\/strong><\/span>\n\n\n<p style=\"padding-left: 30px;\">D\u00edas: Lunes Y Viernes\nHorario: De 17 a 19 h\nLugar: CSC 'La Garita' de Arrieta\nContacto: deportes@ayuntamientodeharia.com\nTel\u00e9fono: 928 83 52 51 \/ 928 83 50 09<\/p>\n\n\n&nbsp;\n\n<span style=\"text-decoration: underline;\"><strong>KARATE:<\/strong><\/span>\n\n\n<p style=\"padding-left: 30px;\">D\u00edas: Lunes y Mi\u00e9rcoles\nHorario: De 17 a 20 h.\nLugar: M\u00e1guez\nContacto:deportes@ayuntamientodeharia.com\nTel\u00e9fono: 928 83 52 51 \/ 928 83 50 09<\/p>\n\n\n&nbsp;\n\n<span style=\"text-decoration: underline;\"><strong>LUCHA CANARIA<\/strong><\/span>\n\n\n<p style=\"padding-left: 30px;\">D\u00edas: Martes y Jueves\nHorario: De 17 a 18:00 h.\nLugar: Terrero Municipal\nContacto: www.unionnorte.es\nTel\u00e9fono:<\/p>\n\n\n&nbsp;\n\n<span style=\"text-decoration: underline;\"><strong>JUIJITSU<\/strong><\/span>\n\n\n<p style=\"padding-left: 30px;\">D\u00edas: Martes de 18:30 a 19:30 y los Viernes de 19 a 20 h.\nLugar: CSC 'La Garita' de Arrieta\nContacto: deportes@ayuntamientodeharia.com\nTel\u00e9fono: 928 83 52 51 \/ 928 83 50 09<\/p>\n\n\n&nbsp;\n\n<span style=\"text-decoration: underline;\"><strong>PILATES (Mala)<\/strong><\/span>\n\n\n<p style=\"padding-left: 30px;\">D\u00edas: Lunes y Mi\u00e9rcoles\nHorario: De 18 a 19 h.\nLugar: Sociedad 'Renacimiento' de Mala\nContacto: deportes@ayuntamientodeharia.com\nTel\u00e9fono: 928 83 52 51 \/ 928 83 50 09<\/p>\n\n\n&nbsp;\n\n<span style=\"text-decoration: underline;\"><strong>PILATES (Punta Mujeres)<\/strong><\/span>\n\n\n<p style=\"padding-left: 30px;\">D\u00edas: Lunes y Mi\u00e9rcoles\nHorario: De 19:30 a 20:30 h.\nLugar: CSC de Punta Mujeres\nContacto: deportes@ayuntamientodeharia.com\nTel\u00e9fono: 928 83 52 51 \/ 928 83 50 09<\/p>\n\n\n&nbsp;\n\n<span style=\"text-decoration: underline;\"><strong>PILATES (Har\u00eda)<\/strong><\/span>\n\n\n<p style=\"padding-left: 30px;\">D\u00edas: Lunes y Mi\u00e9rcoles\nHorario: De 18 a 19 h.\nLugar: Centro Socio Cultural la Tegala, Har\u00eda\nContacto: deportes@ayuntamientodeharia.com\nTel\u00e9fono: 928 83 52 51 \/ 928 83 50 09<\/p>\n\n\n&nbsp;\n\n<span style=\"text-decoration: underline;\"><strong> SPINNING<\/strong><\/span>\n\n\n<p style=\"padding-left: 30px;\">D\u00edas: De Lunes a Viernes\nHorario: De 19:30 a 20:30 h.\nLugar: CSC 'La Garita' de Arrieta\nContacto: deportes@ayuntamientodeharia.com\nTel\u00e9fono: 928 83 52 51 \/ 928 83 50 09<\/p>\n\n\n&nbsp;\n\n<span style=\"text-decoration: underline;\"><strong> TAHI-CHI - ARRIETA<\/strong><\/span>\n\n\n<p style=\"padding-left: 30px;\">D\u00edas: Lunes y Mi\u00e9rcoles\nHorario: De 18 a 19 h.\nLugar: CSC 'La Garita' de Arrieta\nContacto: deportes@ayuntamientodeharia.com\nTel\u00e9fono: 928 83 52 51 \/ 928 83 50 09<\/p>\n\n\n<span style=\"text-decoration: underline;\"><strong>TAHI-CHI - HAR\u00cdA<\/strong><\/span>\n\n\n<p style=\"padding-left: 30px;\">D\u00edas: Viernes, de 17:30 a 18:30.\nLugar: CSC 'La Tegala' de Har\u00eda\nContacto: deportes@ayuntamientodeharia.com\nTel\u00e9fono: 928 83 52 51 \/ 928 83 50 09<\/p>\n\n\n&nbsp;\n\n<span style=\"text-decoration: underline;\"><strong> VOLEIBOL<\/strong><\/span>\n\n\n<p style=\"padding-left: 30px;\">D\u00edas: Martes y Jueves\nHorario: De 16 a 18 h.\nLugar: Pabell\u00f3n Municipal de Har\u00eda\nContacto: deportes@ayuntamientodeharia.com\nTel\u00e9fono: 928 83 52 51 \/ 928 83 50 09<\/p>\n\n\n&nbsp;\n\n<span style=\"text-decoration: underline;\"><strong>YOGA (Nivel B\u00e1sico)<\/strong><\/span>\n\n\n<p style=\"padding-left: 30px;\">D\u00edas: Martes y Jueves\nHorario: De 9:30 a 11 h.\nLugar: CSC de Arrieta\nContacto: deportes@ayuntamientodeharia.com\nTel\u00e9fono: 928 83 52 51 \/ 928 83 50 09<\/p>\n\n\n&nbsp;\n\n<span style=\"text-decoration: underline;\"><strong>YOGA (Nivel Avanzado)<\/strong><\/span>\n\n\n<p style=\"padding-left: 30px;\">D\u00eda: Martes, Lugar: CSC 'La Tegala' de Har\u00eda\nD\u00eda: Viernes, Lugar: Colegio de M\u00e1guez\nHorario: De 19:15 a 20:45 h.\nContacto: deportes@ayuntamientodeharia.com\nTel\u00e9fono: 928 83 52 51 \/ 928 83 50 09<\/p>\n\n\n&nbsp;\n\n<span style=\"text-decoration: underline;\"><strong>ZUMBA (PUNTA MUJERES)<\/strong><\/span>\n\n\n<p style=\"padding-left: 30px;\">D\u00edas: Lunes y Mi\u00e9rcoles\nHorario: De 19:30 a 20:30 h.\nLugar: CSC ' El Marinero\u201d Punta Mujeres\nContacto: deportes@ayuntamientodeharia.com\nTel\u00e9fono: 928 83 52 51 \/ 928 83 50 09<\/p>\n\n\n&nbsp;\n--><\/p>\n<p><strong>Nota:<\/strong> Para una mejor informaci\u00f3n llamar a los tel\u00e9fonos del Ayuntamiento, \u00c1rea de Deportes 928 83 52 51 o 928 83 50 09, o tambi\u00e9n a trav\u00e9s del correo electr\u00f3nico deportes@ayuntamientodeharia.com<\/p>\n","protected":false},"excerpt":{"rendered":"<p>Gimnasio Municipal Horario Lunes a Viernes Ma\u00f1anas: de 8 a 13 horas. Tardes : de 16 a 21 horas &nbsp; S\u00e1bados: de 8 a 13 horas. &nbsp; Para acceder, como usuario, a las instalaciones del Gimnasio Municipal se debe tramitar el Carnet de Usuario, para ello se debe ser mayor de 16 a\u00f1os, y entregar, [&hellip;]<\/p>\n","protected":false},"author":2,"featured_media":0,"parent":0,"menu_order":3,"comment_status":"closed","ping_status":"closed","template":"","meta":{"footnotes":""},"class_list":["post-535","page","type-page","status-publish","hentry"],"_links":{"self":[{"href":"https:\/\/www.ayuntamientodeharia.com\/haria\/wp-json\/wp\/v2\/pages\/535","targetHints":{"allow":["GET"]}}],"collection":[{"href":"https:\/\/www.ayuntamientodeharia.com\/haria\/wp-json\/wp\/v2\/pages"}],"about":[{"href":"https:\/\/www.ayuntamientodeharia.com\/haria\/wp-json\/wp\/v2\/types\/page"}],"author":[{"embeddable":true,"href":"https:\/\/www.ayuntamientodeharia.com\/haria\/wp-json\/wp\/v2\/users\/2"}],"replies":[{"embeddable":true,"href":"https:\/\/www.ayuntamientodeharia.com\/haria\/wp-json\/wp\/v2\/comments?post=535"}],"version-history":[{"count":2,"href":"https:\/\/www.ayuntamientodeharia.com\/haria\/wp-json\/wp\/v2\/pages\/535\/revisions"}],"predecessor-version":[{"id":15264,"href":"https:\/\/www.ayuntamientodeharia.com\/haria\/wp-json\/wp\/v2\/pages\/535\/revisions\/15264"}],"wp:attachment":[{"href":"https:\/\/www.ayuntamientodeharia.com\/haria\/wp-json\/wp\/v2\/media?parent=535"}],"curies":[{"name":"wp","href":"https:\/\/api.w.org\/{rel}","templated":true}]}}