{"id":356,"date":"2015-01-21T09:42:46","date_gmt":"2015-01-21T09:42:46","guid":{"rendered":"http:\/\/www.ayuntamientodeharia.com\/haria\/?page_id=356"},"modified":"2025-08-19T11:58:54","modified_gmt":"2025-08-19T10:58:54","slug":"factura-electronica","status":"publish","type":"page","link":"https:\/\/www.ayuntamientodeharia.com\/haria\/factura-electronica\/","title":{"rendered":"Factura Electr\u00f3nica"},"content":{"rendered":"<p><strong><span style=\"text-decoration: underline;\"><img decoding=\"async\" class=\" wp-image-355 alignleft\" src=\"http:\/\/www.ayuntamientodeharia.com\/haria\/wp-content\/uploads\/2015\/01\/eFactura.jpg\" alt=\"eFactura\" width=\"154\" height=\"108\" \/>PRESENTACI\u00d3N DE FACTURAS<\/span><\/strong><br \/>\nEl objeto de este tr\u00e1mite es la presentaci\u00f3n de facturas y dem\u00e1s documentos emitidos por los contratistas a efectos de justificar las prestaciones realizadas por los mismos a cargo del Ayuntamiento de Har\u00eda, con el fin de que se proceda al reconocimiento de las obligaciones y su posterior abono.<\/p>\n<p>Cualquiera sea el modo en que se presente la factura, si no se hubiese aportado con anterioridad o ha modificado los datos de su cuenta bancaria, ser\u00e1 necesario adjuntar el impreso de &#8220;Alta a Terceros&#8221; en modelo normalizado.<\/p>\n<p><a title=\"Alta de Terceros\" href=\"..\/wp-content\/uploads\/filebase\/frm_generales\/altaDeTerceros24.pdf\" target=\"_blank\" rel=\"noopener noreferrer\">Descargar modelo Alta de Terceros<\/a><\/p>\n<p>&nbsp;<\/p>\n<p><strong><span style=\"text-decoration: underline;\">FORMAS DE PRESENTACI\u00d3N:<\/span><\/strong><br \/>\n<strong>Factura electr\u00f3nica:<\/strong><br \/>\nLa Ley 25\/2013, de 27 de diciembre, de impulso de la factura electr\u00f3nica y creaci\u00f3n del registro contable de facturas en el Sector P\u00fablico, regula la presentaci\u00f3n de facturas electr\u00f3nicas por parte de los proveedores y contratistas. De esta forma, cualquier proveedor o contratista que desee presentar una factura al Ayuntamiento de Har\u00eda podr\u00e1 hacerlo por medios telem\u00e1ticos.<\/p>\n<p style=\"padding-left: 30px;\">Conforme a lo establecido en el art\u00edculo 4 de la Ley 25\/2013, y de acuerdo con las exclusiones previstas, a partir del 15 de enero de 2015, y siempre que se trate de facturas de importe superior a 5.000,00 euros, est\u00e1n obligados a presentar las facturas electr\u00f3nicas:<br \/>\n*Sociedades an\u00f3nimas.<br \/>\n*Sociedades de responsabilidad limitada.<br \/>\n*Personas jur\u00eddicas y entidades sin personalidad jur\u00eddica que carezcan de nacionalidad espa\u00f1ola.<br \/>\n*Establecimientos permanentes y sucursales de entidades no residentes en territorio espa\u00f1ol en los t\u00e9rminos que establece la normativa tributaria.<br \/>\n*Uniones temporales de empresas.<br \/>\n*Agrupaci\u00f3n de inter\u00e9s econ\u00f3mico, Agrupaci\u00f3n de inter\u00e9s econ\u00f3mico europea, Fondo de Pensiones, Fondo de capital riesgo, Fondo de inversiones, Fondo de utilizaci\u00f3n de activos, Fondo de regularizaci\u00f3n del mercado hipotecario, Fondo de titulizaci\u00f3n hipotecaria o Fondo de garant\u00eda de inversiones.<\/p>\n<p>&nbsp;<\/p>\n<p>&nbsp;<\/p>\n<p>Mediante acuerdo del Pleno Municipal de fecha 27 de noviembre de 2014 este Ayuntamiento ha acordado su adhesi\u00f3n a la plataforma electr\u00f3nica <strong>\u00abFACe \u2013 Punto General de Entrada de Facturas Electr\u00f3nicas\u00bb<\/strong> de la Secretar\u00eda de Estado de Administraciones P\u00fablicas, del Ministerio de Hacienda y Administraciones P\u00fablicas, por lo que las facturas electr\u00f3nicas dirigidas al Ayuntamiento de Har\u00eda solo podr\u00e1n presentarse a trav\u00e9s de este portal.<\/p>\n<p>&nbsp;<\/p>\n<p>Para ello, deber\u00e1 acceder al siguiente enlace: <a href=\"http:\/\/www.face.gob.es\/\">http:\/\/www.face.gob.es\/<\/a><br \/>\nPara la presentaci\u00f3n de facturas electr\u00f3nicas en necesario conocer los <strong>c\u00f3digos DIR3<\/strong> de esta entidad. Los c\u00f3digos DIR3 que deben contener las facturas electr\u00f3nicas que se remitan al Ayuntamiento de Har\u00eda son los siguientes:<\/p>\n<p style=\"padding-left: 30px;\">Oficina contable: INTERVENCI\u00d3N, c\u00f3digo DIR3: L01350108<br \/>\n\u00d3rgano gestor: AYUNTAMIENTO DE HAR\u00cdA,c\u00f3digo DIR3: L01350108<br \/>\nUnidad tramitadora: INTERVENCI\u00d3N, c\u00f3digo DIR3: L01350108<\/p>\n<p>&nbsp;<\/p>\n<p>Adem\u00e1s puede encontrar informaci\u00f3n en la web <a href=\"http:\/\/www.facturae.gob.es\/\">http:\/\/www.facturae.gob.es\/<\/a><br \/>\nTel\u00e9fonos: 902 879 871 \/ 954 304 117<\/p>\n<p>&nbsp;<\/p>\n<p><strong>Presencialmente:<\/strong><br \/>\nLa factura, que deber\u00e1 ser original, deber\u00e1 reunir los requisitos obligatorios que con car\u00e1cter general vienen establecidos en el Real Decreto 1496\/2003, de 28 de noviembre, por el que se aprueba el Reglamento por el que se regulan las obligaciones de facturaci\u00f3n y se modifica el Reglamento del Impuesto sobre el Valor A\u00f1adido.<\/p>\n<p>Las facturas deber\u00e1n presentarse, acompa\u00f1ando escrito de remisi\u00f3n, en el Registro General de Entrada del Ayuntamiento de Har\u00eda, o en el Registro de Facturas existente en la Intervenci\u00f3n Municipal (1\u00aa planta), de lunes a viernes en horario de 8:00 a 14:00 horas, excepto los declarados festivos.<\/p>\n<p>Igualmente, se podr\u00e1n presentar por correo postal o a trav\u00e9s de un servicio de mensajer\u00eda o en cualquiera otra de las formas previstas en el art. 38.4 de la Ley 30\/1992, de 26 de noviembre, de r\u00e9gimen jur\u00eddico de las Administraciones P\u00fablicas y del Procedimiento Administrativo Com\u00fan, dirigido a:<\/p>\n<p style=\"padding-left: 30px;\">Ayuntamiento de Har\u00eda<br \/>\nDpto. de Intervenci\u00f3n<\/p>\n<p>&nbsp;<\/p>\n<p><strong>Por internet:<\/strong><br \/>\nA trav\u00e9s de esta sede electr\u00f3nica las 24 horas del d\u00eda, todos los d\u00edas del a\u00f1o. En este caso, el formulario le solicitar\u00e1 que se identifique con un certificado digital o DNI electr\u00f3nico y que haga uso de la firma electr\u00f3nica para presentar la factura en el registro telem\u00e1tico.<\/p>\n<p>&nbsp;<\/p>\n<p>Si se presenta de este modo la factura deber\u00e1 ser en formato .pdf y estar firmada electr\u00f3nicamente.<\/p>\n","protected":false},"excerpt":{"rendered":"<p>PRESENTACI\u00d3N DE FACTURAS El objeto de este tr\u00e1mite es la presentaci\u00f3n de facturas y dem\u00e1s documentos emitidos por los contratistas a efectos de justificar las prestaciones realizadas por los mismos a cargo del Ayuntamiento de Har\u00eda, con el fin de que se proceda al reconocimiento de las obligaciones y su posterior abono. Cualquiera sea el [&hellip;]<\/p>\n","protected":false},"author":2,"featured_media":0,"parent":0,"menu_order":74,"comment_status":"closed","ping_status":"closed","template":"","meta":{"footnotes":""},"class_list":["post-356","page","type-page","status-publish","hentry"],"_links":{"self":[{"href":"https:\/\/www.ayuntamientodeharia.com\/haria\/wp-json\/wp\/v2\/pages\/356","targetHints":{"allow":["GET"]}}],"collection":[{"href":"https:\/\/www.ayuntamientodeharia.com\/haria\/wp-json\/wp\/v2\/pages"}],"about":[{"href":"https:\/\/www.ayuntamientodeharia.com\/haria\/wp-json\/wp\/v2\/types\/page"}],"author":[{"embeddable":true,"href":"https:\/\/www.ayuntamientodeharia.com\/haria\/wp-json\/wp\/v2\/users\/2"}],"replies":[{"embeddable":true,"href":"https:\/\/www.ayuntamientodeharia.com\/haria\/wp-json\/wp\/v2\/comments?post=356"}],"version-history":[{"count":11,"href":"https:\/\/www.ayuntamientodeharia.com\/haria\/wp-json\/wp\/v2\/pages\/356\/revisions"}],"predecessor-version":[{"id":32894,"href":"https:\/\/www.ayuntamientodeharia.com\/haria\/wp-json\/wp\/v2\/pages\/356\/revisions\/32894"}],"wp:attachment":[{"href":"https:\/\/www.ayuntamientodeharia.com\/haria\/wp-json\/wp\/v2\/media?parent=356"}],"curies":[{"name":"wp","href":"https:\/\/api.w.org\/{rel}","templated":true}]}}