{"id":34283,"date":"2026-02-26T07:23:54","date_gmt":"2026-02-26T07:23:54","guid":{"rendered":"https:\/\/www.ayuntamientodeharia.com\/haria\/?page_id=34283"},"modified":"2026-02-26T07:23:54","modified_gmt":"2026-02-26T07:23:54","slug":"bolsas-de-empleo-anuncios-y-documentacion","status":"publish","type":"page","link":"https:\/\/www.ayuntamientodeharia.com\/haria\/bolsas-de-empleo-anuncios-y-documentacion\/","title":{"rendered":"Bolsas de Empleo. Anuncios y documentaci\u00f3n"},"content":{"rendered":"<style type=\"text\/css\">\r\n.lupa {\r\n\twidth:20px;\r\n}\r\n.lupa:hover {\r\n\twidth:30px;\r\n}\r\n\r\n\r\n.listasConvocatorias {\r\n\tmargin: 10px;\r\n\tpadding: 0px;\r\n}\r\n\r\na.enlaceDocs{\r\n    text-decoration: none;\r\n    \/\/color: #21a418;\r\n\tcolor: green;\r\n}\r\na.enlaceDocs:hover{\r\n    font-weight: bold;\r\n    \/\/color: #824107;\r\n}\r\nhr.gorda{\r\n\tdisplay: block;\r\n    margin-top: 0.0em;\r\n    margin-bottom: 0.0em;\r\n    margin-left: auto;\r\n    margin-right: auto;\r\n    border-style: inset;\r\n    border-width: 1px;\r\n\theight: 4px;\r\n\tbackground-color: grey;\r\n}\r\n<\/style>\r\n<span style='text-decoration: underline;'><strong>Bolsas de Administrativos y Auxuliares Ayuntamiento<\/strong><\/span><br>Fecha publicaci\u00f3n: 26 de febrero de 2026.<br><ul class='listasConvocatorias'><li class='listasConvocatorias'><a class='enlaceDocs' title='Descargar documento' href='https:\/..\/haria\/..\/haria\/wp-content\/uploads\/A_convocatoria_bolsas\/Bolsa_AdministrativosYauxiliares\/Bolsa Administrativos a fecha 25-02-26.pdf' download>Bolsa Administrativos a fecha 25-02-26.<\/a> \r\n\t       <a target='_blank' href='https:\/..\/haria\/..\/haria\/wp-content\/uploads\/A_convocatoria_bolsas\/Bolsa_AdministrativosYauxiliares\/Bolsa Administrativos a fecha 25-02-26.pdf'><img class='lupa' alt='Ver documento' title='Ver documento' src='..\/1.botones\/lupa.png'><\/a>(171,98 KB)<\/li><li class='listasConvocatorias'><a class='enlaceDocs' title='Descargar documento' href='https:\/..\/haria\/..\/haria\/wp-content\/uploads\/A_convocatoria_bolsas\/Bolsa_AdministrativosYauxiliares\/Bolsa Auxiliar Administrativo a fecha 25-02-26.pdf' download>Bolsa Auxiliar Administrativo a fecha 25-02-26.<\/a> \r\n\t       <a target='_blank' href='https:\/..\/haria\/..\/haria\/wp-content\/uploads\/A_convocatoria_bolsas\/Bolsa_AdministrativosYauxiliares\/Bolsa Auxiliar Administrativo a fecha 25-02-26.pdf'><img class='lupa' alt='Ver documento' title='Ver documento' src='..\/1.botones\/lupa.png'><\/a>(155,83 KB)<\/li><\/ul><hr class='gorda' \/><br><span style='text-decoration: underline;'><strong>Actas Tribunal Calificador y Anuncio -C1-<\/strong><\/span><br>Fecha publicaci\u00f3n: 26 de noviembre de 2024.<br><ul class='listasConvocatorias'><li class='listasConvocatorias'><a class='enlaceDocs' title='Descargar documento' href='https:\/..\/haria\/..\/haria\/wp-content\/uploads\/A_convocatoria_bolsas\/ACTAS_EJERCICIOS_C1\/2\u00aa ACTA TRIBUNAL CALIFICADOR C1 - 09 noviembre.pdf' download>2\u00aa ACTA TRIBUNAL CALIFICADOR C1 - 09 noviembre.<\/a> \r\n\t       <a target='_blank' href='https:\/..\/haria\/..\/haria\/wp-content\/uploads\/A_convocatoria_bolsas\/ACTAS_EJERCICIOS_C1\/2\u00aa ACTA TRIBUNAL CALIFICADOR C1 - 09 noviembre.pdf'><img class='lupa' alt='Ver documento' title='Ver documento' src='..\/1.botones\/lupa.png'><\/a>(6,31 MB)<\/li><li class='listasConvocatorias'><a class='enlaceDocs' title='Descargar documento' href='https:\/..\/haria\/..\/haria\/wp-content\/uploads\/A_convocatoria_bolsas\/ACTAS_EJERCICIOS_C1\/3\u00aa ACTA TRIBUNAL CALIFICADOR C1 - 21 noviembre.pdf' download>3\u00aa ACTA TRIBUNAL CALIFICADOR C1 - 21 noviembre.<\/a> \r\n\t       <a target='_blank' href='https:\/..\/haria\/..\/haria\/wp-content\/uploads\/A_convocatoria_bolsas\/ACTAS_EJERCICIOS_C1\/3\u00aa ACTA TRIBUNAL CALIFICADOR C1 - 21 noviembre.pdf'><img class='lupa' alt='Ver documento' title='Ver documento' src='..\/1.botones\/lupa.png'><\/a>(2,28 MB)<\/li><li class='listasConvocatorias'><a class='enlaceDocs' title='Descargar documento' href='https:\/..\/haria\/..\/haria\/wp-content\/uploads\/A_convocatoria_bolsas\/ACTAS_EJERCICIOS_C1\/Anuncio notas ejercicio Administrativo C1 con c\u00f3digo.pdf' download>Anuncio notas ejercicio Administrativo C1 con c\u00f3digo.<\/a> \r\n\t       <a target='_blank' href='https:\/..\/haria\/..\/haria\/wp-content\/uploads\/A_convocatoria_bolsas\/ACTAS_EJERCICIOS_C1\/Anuncio notas ejercicio Administrativo C1 con c\u00f3digo.pdf'><img class='lupa' alt='Ver documento' title='Ver documento' src='..\/1.botones\/lupa.png'><\/a>(1,99 MB)<\/li><\/ul><hr class='gorda' \/><br><span style='text-decoration: underline;'><strong>Actas Tribunal Calificador y Ejercicios<\/strong><\/span><br>Fecha publicaci\u00f3n: 15 de noviembre de 2024.<br><ul class='listasConvocatorias'><li class='listasConvocatorias'><a class='enlaceDocs' title='Descargar documento' href='https:\/..\/haria\/..\/haria\/wp-content\/uploads\/A_convocatoria_bolsas\/TRIBUNAL_CALIFICADOR_EJERCICIOS\/08 ACTA DE CONSTITUCI\u00d3N DEL TRIBUNAL CALIFICADOR C1.pdf' download>08 ACTA DE CONSTITUCI\u00d3N DEL TRIBUNAL CALIFICADOR C1.<\/a> \r\n\t       <a target='_blank' href='https:\/..\/haria\/..\/haria\/wp-content\/uploads\/A_convocatoria_bolsas\/TRIBUNAL_CALIFICADOR_EJERCICIOS\/08 ACTA DE CONSTITUCI\u00d3N DEL TRIBUNAL CALIFICADOR C1.pdf'><img class='lupa' alt='Ver documento' title='Ver documento' src='..\/1.botones\/lupa.png'><\/a>(618,5 KB)<\/li><li class='listasConvocatorias'><a class='enlaceDocs' title='Descargar documento' href='https:\/..\/haria\/..\/haria\/wp-content\/uploads\/A_convocatoria_bolsas\/TRIBUNAL_CALIFICADOR_EJERCICIOS\/08 ACTA DE CONSTITUCI\u00d3N DEL TRIBUNAL CALIFICADOR C2.pdf' download>08 ACTA DE CONSTITUCI\u00d3N DEL TRIBUNAL CALIFICADOR C2.<\/a> \r\n\t       <a target='_blank' href='https:\/..\/haria\/..\/haria\/wp-content\/uploads\/A_convocatoria_bolsas\/TRIBUNAL_CALIFICADOR_EJERCICIOS\/08 ACTA DE CONSTITUCI\u00d3N DEL TRIBUNAL CALIFICADOR C2.pdf'><img class='lupa' alt='Ver documento' title='Ver documento' src='..\/1.botones\/lupa.png'><\/a>(612,45 KB)<\/li><li class='listasConvocatorias'><a class='enlaceDocs' title='Descargar documento' href='https:\/..\/haria\/..\/haria\/wp-content\/uploads\/A_convocatoria_bolsas\/TRIBUNAL_CALIFICADOR_EJERCICIOS\/09 ACTA CELEBRACI\u00d3N EJERCICIO \u00daNICO TRIBUNAL CALIFICADOR C2.pdf' download>09 ACTA CELEBRACI\u00d3N EJERCICIO \u00daNICO TRIBUNAL CALIFICADOR C2.<\/a> \r\n\t       <a target='_blank' href='https:\/..\/haria\/..\/haria\/wp-content\/uploads\/A_convocatoria_bolsas\/TRIBUNAL_CALIFICADOR_EJERCICIOS\/09 ACTA CELEBRACI\u00d3N EJERCICIO \u00daNICO TRIBUNAL CALIFICADOR C2.pdf'><img class='lupa' alt='Ver documento' title='Ver documento' src='..\/1.botones\/lupa.png'><\/a>(7,02 MB)<\/li><li class='listasConvocatorias'><a class='enlaceDocs' title='Descargar documento' href='https:\/..\/haria\/..\/haria\/wp-content\/uploads\/A_convocatoria_bolsas\/TRIBUNAL_CALIFICADOR_EJERCICIOS\/10 ACTA CORRECCI\u00d3N EJERCICIO \u00daNCO TRIBUNAL CALIFICADOR C2.pdf' download>10 ACTA CORRECCI\u00d3N EJERCICIO \u00daNCO TRIBUNAL CALIFICADOR C2.<\/a> \r\n\t       <a target='_blank' href='https:\/..\/haria\/..\/haria\/wp-content\/uploads\/A_convocatoria_bolsas\/TRIBUNAL_CALIFICADOR_EJERCICIOS\/10 ACTA CORRECCI\u00d3N EJERCICIO \u00daNCO TRIBUNAL CALIFICADOR C2.pdf'><img class='lupa' alt='Ver documento' title='Ver documento' src='..\/1.botones\/lupa.png'><\/a>(2,81 MB)<\/li><li class='listasConvocatorias'><a class='enlaceDocs' title='Descargar documento' href='https:\/..\/haria\/..\/haria\/wp-content\/uploads\/A_convocatoria_bolsas\/TRIBUNAL_CALIFICADOR_EJERCICIOS\/11 PLANTILLA DE RESPUESTAS EJERCICIO \u00daNICO C2.pdf' download>11 PLANTILLA DE RESPUESTAS EJERCICIO \u00daNICO C2.<\/a> \r\n\t       <a target='_blank' href='https:\/..\/haria\/..\/haria\/wp-content\/uploads\/A_convocatoria_bolsas\/TRIBUNAL_CALIFICADOR_EJERCICIOS\/11 PLANTILLA DE RESPUESTAS EJERCICIO \u00daNICO C2.pdf'><img class='lupa' alt='Ver documento' title='Ver documento' src='..\/1.botones\/lupa.png'><\/a>(618,69 KB)<\/li><li class='listasConvocatorias'><a class='enlaceDocs' title='Descargar documento' href='https:\/..\/haria\/..\/haria\/wp-content\/uploads\/A_convocatoria_bolsas\/TRIBUNAL_CALIFICADOR_EJERCICIOS\/12 ANUNCIO NOTAS EJERCICIO C2 CON CODIGO.PDF' download>12 ANUNCIO NOTAS EJERCICIO C2 CON CODIGO.<\/a> \r\n\t       <a target='_blank' href='https:\/..\/haria\/..\/haria\/wp-content\/uploads\/A_convocatoria_bolsas\/TRIBUNAL_CALIFICADOR_EJERCICIOS\/12 ANUNCIO NOTAS EJERCICIO C2 CON CODIGO.PDF'><img class='lupa' alt='Ver documento' title='Ver documento' src='..\/1.botones\/lupa.png'><\/a>(2,55 MB)<\/li><\/ul><hr class='gorda' \/><br><span style='text-decoration: underline;'><strong>REPERTORIO DE PREGUNTAS C1 y C2<\/strong><\/span><br>Fecha publicaci\u00f3n: 30 de octubre de 2024.<br><ul class='listasConvocatorias'><li class='listasConvocatorias'><a class='enlaceDocs' title='Descargar documento' href='https:\/..\/haria\/..\/haria\/wp-content\/uploads\/A_convocatoria_bolsas\/REPERTORIO_PREGUNTAS-C1_C2\/06 REPERTORIO DE PREGUNTAS C1 - BOP 128, lunes 21 de octubre de 2024.pdf' download>06 REPERTORIO DE PREGUNTAS C1 - BOP 128, lunes 21 de octubre de 2024.<\/a> \r\n\t       <a target='_blank' href='https:\/..\/haria\/..\/haria\/wp-content\/uploads\/A_convocatoria_bolsas\/REPERTORIO_PREGUNTAS-C1_C2\/06 REPERTORIO DE PREGUNTAS C1 - BOP 128, lunes 21 de octubre de 2024.pdf'><img class='lupa' alt='Ver documento' title='Ver documento' src='..\/1.botones\/lupa.png'><\/a>(70,37 KB)<\/li><li class='listasConvocatorias'><a class='enlaceDocs' title='Descargar documento' href='https:\/..\/haria\/..\/haria\/wp-content\/uploads\/A_convocatoria_bolsas\/REPERTORIO_PREGUNTAS-C1_C2\/06 REPERTORIO DE PREGUNTAS C2 - BOP 128, lunes 21 de octubre de 2024.pdf' download>06 REPERTORIO DE PREGUNTAS C2 - BOP 128, lunes 21 de octubre de 2024.<\/a> \r\n\t       <a target='_blank' href='https:\/..\/haria\/..\/haria\/wp-content\/uploads\/A_convocatoria_bolsas\/REPERTORIO_PREGUNTAS-C1_C2\/06 REPERTORIO DE PREGUNTAS C2 - BOP 128, lunes 21 de octubre de 2024.pdf'><img class='lupa' alt='Ver documento' title='Ver documento' src='..\/1.botones\/lupa.png'><\/a>(61,54 KB)<\/li><\/ul><hr class='gorda' \/><br><span style='text-decoration: underline;'><strong>LISTADO DEFINITIVS ADMITIDOS C1 y C2<\/strong><\/span><br>Fecha publicaci\u00f3n: 30 de octubre de 2024.<br><ul class='listasConvocatorias'><li class='listasConvocatorias'><a class='enlaceDocs' title='Descargar documento' href='https:\/..\/haria\/..\/haria\/wp-content\/uploads\/A_convocatoria_bolsas\/LISTADO_DEFINITIVO_ADMINIDOS-C1_C2\/07 LISTADO DEFINITIVO ADMITIDOS C1 - BOP 130, viernes 25 de octubre de 2024.pdf' download>07 LISTADO DEFINITIVO ADMITIDOS C1 - BOP 130, viernes 25 de octubre de 2024.<\/a> \r\n\t       <a target='_blank' href='https:\/..\/haria\/..\/haria\/wp-content\/uploads\/A_convocatoria_bolsas\/LISTADO_DEFINITIVO_ADMINIDOS-C1_C2\/07 LISTADO DEFINITIVO ADMITIDOS C1 - BOP 130, viernes 25 de octubre de 2024.pdf'><img class='lupa' alt='Ver documento' title='Ver documento' src='..\/1.botones\/lupa.png'><\/a>(34,03 KB)<\/li><li class='listasConvocatorias'><a class='enlaceDocs' title='Descargar documento' href='https:\/..\/haria\/..\/haria\/wp-content\/uploads\/A_convocatoria_bolsas\/LISTADO_DEFINITIVO_ADMINIDOS-C1_C2\/07 LISTADO DEFINITIVO ADMITIDOS C2 - BOP 130, viernes 25 de octubre de 2024.pdf' download>07 LISTADO DEFINITIVO ADMITIDOS C2 - BOP 130, viernes 25 de octubre de 2024.<\/a> \r\n\t       <a target='_blank' href='https:\/..\/haria\/..\/haria\/wp-content\/uploads\/A_convocatoria_bolsas\/LISTADO_DEFINITIVO_ADMINIDOS-C1_C2\/07 LISTADO DEFINITIVO ADMITIDOS C2 - BOP 130, viernes 25 de octubre de 2024.pdf'><img class='lupa' alt='Ver documento' title='Ver documento' src='..\/1.botones\/lupa.png'><\/a>(34,91 KB)<\/li><\/ul><hr class='gorda' \/><br><span style='text-decoration: underline;'><strong>CREACI\u00d3N DE UNA BOLSA DE EMPLEO EN LA CATEGOR\u00cdA DE ADMINISTRATIVO\/A (C1) COMO FUNCIONARIO\/A INTERINO\/A EN EL AYUNTAMIENTO DE HAR\u00cdA<\/strong><\/span><br>Fecha publicaci\u00f3n: 25 de septiembre de 2024.<br><ul class='listasConvocatorias'><li class='listasConvocatorias'><a class='enlaceDocs' title='Descargar documento' href='https:\/..\/haria\/..\/haria\/wp-content\/uploads\/A_convocatoria_bolsas\/CONVOCATORIA BOLSA ADMINISTRATIVOS-AS C1\/1.1 ANUNCIO BASES QUE RIGEN LA CONVOCATORIA PARA LA CREACI\u00d3N DE UNA BOLSA ADMINISTRATIVOS-AS C1.pdf' download>1.1 ANUNCIO BASES QUE RIGEN LA CONVOCATORIA PARA LA CREACI\u00d3N DE UNA BOLSA ADMINISTRATIVOS-AS C1.<\/a> \r\n\t       <a target='_blank' href='https:\/..\/haria\/..\/haria\/wp-content\/uploads\/A_convocatoria_bolsas\/CONVOCATORIA BOLSA ADMINISTRATIVOS-AS C1\/1.1 ANUNCIO BASES QUE RIGEN LA CONVOCATORIA PARA LA CREACI\u00d3N DE UNA BOLSA ADMINISTRATIVOS-AS C1.pdf'><img class='lupa' alt='Ver documento' title='Ver documento' src='..\/1.botones\/lupa.png'><\/a>(623,14 KB)<\/li><li class='listasConvocatorias'><a class='enlaceDocs' title='Descargar documento' href='https:\/..\/haria\/..\/haria\/wp-content\/uploads\/A_convocatoria_bolsas\/CONVOCATORIA BOLSA ADMINISTRATIVOS-AS C1\/1.2 BOP n\u00fam_88 de 19 de julio de 2024 (Anuncio Bases que rigen la convocatoria p\u00fablica para la creaci\u00f3n de una bolsa de Administrativos-as C1).pdf' download>1.2 BOP n\u00fam_88 de 19 de julio de 2024 (Anuncio Bases que rigen la convocatoria p\u00fablica para la creaci\u00f3n de una bolsa de Administrativos-as C1).<\/a> \r\n\t       <a target='_blank' href='https:\/..\/haria\/..\/haria\/wp-content\/uploads\/A_convocatoria_bolsas\/CONVOCATORIA BOLSA ADMINISTRATIVOS-AS C1\/1.2 BOP n\u00fam_88 de 19 de julio de 2024 (Anuncio Bases que rigen la convocatoria p\u00fablica para la creaci\u00f3n de una bolsa de Administrativos-as C1).pdf'><img class='lupa' alt='Ver documento' title='Ver documento' src='..\/1.botones\/lupa.png'><\/a>(53,71 KB)<\/li><li class='listasConvocatorias'><a class='enlaceDocs' title='Descargar documento' href='https:\/..\/haria\/..\/haria\/wp-content\/uploads\/A_convocatoria_bolsas\/CONVOCATORIA BOLSA ADMINISTRATIVOS-AS C1\/2.1 ANUNCIO RECTIFICACI\u00d3N BASES QUE RIGEN LA CONVOCATORIA PARA LA CREACI\u00d3N DE UNA BOLSA ADMINISTRATIVOS-AS C1.pdf' download>2.1 ANUNCIO RECTIFICACI\u00d3N BASES QUE RIGEN LA CONVOCATORIA PARA LA CREACI\u00d3N DE UNA BOLSA ADMINISTRATIVOS-AS C1.<\/a> \r\n\t       <a target='_blank' href='https:\/..\/haria\/..\/haria\/wp-content\/uploads\/A_convocatoria_bolsas\/CONVOCATORIA BOLSA ADMINISTRATIVOS-AS C1\/2.1 ANUNCIO RECTIFICACI\u00d3N BASES QUE RIGEN LA CONVOCATORIA PARA LA CREACI\u00d3N DE UNA BOLSA ADMINISTRATIVOS-AS C1.pdf'><img class='lupa' alt='Ver documento' title='Ver documento' src='..\/1.botones\/lupa.png'><\/a>(135,56 KB)<\/li><li class='listasConvocatorias'><a class='enlaceDocs' title='Descargar documento' href='https:\/..\/haria\/..\/haria\/wp-content\/uploads\/A_convocatoria_bolsas\/CONVOCATORIA BOLSA ADMINISTRATIVOS-AS C1\/2.2 BOP n\u00fam_93 de 31 de julio de 2024 de la rectificaci\u00f3n de las Bases de la Convocatoria para la creaci\u00f3n de una Bolsa de Administrativos C1.pdf' download>2.2 BOP n\u00fam_93 de 31 de julio de 2024 de la rectificaci\u00f3n de las Bases de la Convocatoria para la creaci\u00f3n de una Bolsa de Administrativos C1.<\/a> \r\n\t       <a target='_blank' href='https:\/..\/haria\/..\/haria\/wp-content\/uploads\/A_convocatoria_bolsas\/CONVOCATORIA BOLSA ADMINISTRATIVOS-AS C1\/2.2 BOP n\u00fam_93 de 31 de julio de 2024 de la rectificaci\u00f3n de las Bases de la Convocatoria para la creaci\u00f3n de una Bolsa de Administrativos C1.pdf'><img class='lupa' alt='Ver documento' title='Ver documento' src='..\/1.botones\/lupa.png'><\/a>(22,03 KB)<\/li><li class='listasConvocatorias'><a class='enlaceDocs' title='Descargar documento' href='https:\/..\/haria\/..\/haria\/wp-content\/uploads\/A_convocatoria_bolsas\/CONVOCATORIA BOLSA ADMINISTRATIVOS-AS C1\/3. ANEXO II y ANEXO III Bolsa Administrativo-a C1.pdf' download>3. ANEXO II y ANEXO III Bolsa Administrativo-a C1.<\/a> \r\n\t       <a target='_blank' href='https:\/..\/haria\/..\/haria\/wp-content\/uploads\/A_convocatoria_bolsas\/CONVOCATORIA BOLSA ADMINISTRATIVOS-AS C1\/3. ANEXO II y ANEXO III Bolsa Administrativo-a C1.pdf'><img class='lupa' alt='Ver documento' title='Ver documento' src='..\/1.botones\/lupa.png'><\/a>(111,65 KB)<\/li><li class='listasConvocatorias'><a class='enlaceDocs' title='Descargar documento' href='https:\/..\/haria\/..\/haria\/wp-content\/uploads\/A_convocatoria_bolsas\/CONVOCATORIA BOLSA ADMINISTRATIVOS-AS C1\/4. BOP N\u00fam 115 de 20 de septiembre de 2024 sobre la aprobaci\u00f3n de listado provisional de admitidos y excluidos de Administrativos C1.pdf' download>4. BOP N\u00fam 115 de 20 de septiembre de 2024 sobre la aprobaci\u00f3n de listado provisional de admitidos y excluidos de Administrativos C1.<\/a> \r\n\t       <a target='_blank' href='https:\/..\/haria\/..\/haria\/wp-content\/uploads\/A_convocatoria_bolsas\/CONVOCATORIA BOLSA ADMINISTRATIVOS-AS C1\/4. BOP N\u00fam 115 de 20 de septiembre de 2024 sobre la aprobaci\u00f3n de listado provisional de admitidos y excluidos de Administrativos C1.pdf'><img class='lupa' alt='Ver documento' title='Ver documento' src='..\/1.botones\/lupa.png'><\/a>(31,3 KB)<\/li><\/ul><hr class='gorda' \/><br><span style='text-decoration: underline;'><strong>CREACI\u00d3N DE UNA BOLSA DE EMPLEO EN LA CATEGOR\u00cdA DE AUXILIAR ADMINISTRATIVO\/A (C2) COMO FUNCIONARIO\/A INTERINO\/A EN EL AYUNTAMIENTO DE HAR\u00cdA<\/strong><\/span><br>Fecha publicaci\u00f3n: 25 de septiembre de 2024.<br><ul class='listasConvocatorias'><li class='listasConvocatorias'><a class='enlaceDocs' title='Descargar documento' href='https:\/..\/haria\/..\/haria\/wp-content\/uploads\/A_convocatoria_bolsas\/CONVOCATORIA BOLSA AUXILIARES C2\/1.1 ANUNCIO BASES QUE RIGEN LA CONVOCATORIA PARA LA CREACI\u00d3N DE UNA BOLSA AUX ADMINISTRATIVOS-AS C2.pdf' download>1.1 ANUNCIO BASES QUE RIGEN LA CONVOCATORIA PARA LA CREACI\u00d3N DE UNA BOLSA AUX ADMINISTRATIVOS-AS C2.<\/a> \r\n\t       <a target='_blank' href='https:\/..\/haria\/..\/haria\/wp-content\/uploads\/A_convocatoria_bolsas\/CONVOCATORIA BOLSA AUXILIARES C2\/1.1 ANUNCIO BASES QUE RIGEN LA CONVOCATORIA PARA LA CREACI\u00d3N DE UNA BOLSA AUX ADMINISTRATIVOS-AS C2.pdf'><img class='lupa' alt='Ver documento' title='Ver documento' src='..\/1.botones\/lupa.png'><\/a>(620,71 KB)<\/li><li class='listasConvocatorias'><a class='enlaceDocs' title='Descargar documento' href='https:\/..\/haria\/..\/haria\/wp-content\/uploads\/A_convocatoria_bolsas\/CONVOCATORIA BOLSA AUXILIARES C2\/1.2 BOP n\u00fam_88 de 19 de julio de 2024 (Anuncio Bases que rigen la convocatoria p\u00fablica para la creaci\u00f3n de una bolsa de Aux Administrativos-as C2).pdf' download>1.2 BOP n\u00fam_88 de 19 de julio de 2024 (Anuncio Bases que rigen la convocatoria p\u00fablica para la creaci\u00f3n de una bolsa de Aux Administrativos-as C2).<\/a> \r\n\t       <a target='_blank' href='https:\/..\/haria\/..\/haria\/wp-content\/uploads\/A_convocatoria_bolsas\/CONVOCATORIA BOLSA AUXILIARES C2\/1.2 BOP n\u00fam_88 de 19 de julio de 2024 (Anuncio Bases que rigen la convocatoria p\u00fablica para la creaci\u00f3n de una bolsa de Aux Administrativos-as C2).pdf'><img class='lupa' alt='Ver documento' title='Ver documento' src='..\/1.botones\/lupa.png'><\/a>(52,83 KB)<\/li><li class='listasConvocatorias'><a class='enlaceDocs' title='Descargar documento' href='https:\/..\/haria\/..\/haria\/wp-content\/uploads\/A_convocatoria_bolsas\/CONVOCATORIA BOLSA AUXILIARES C2\/2.1 ANUNCIO RECTIFICACI\u00d3N BASES QUE RIGEN LA CONVOCATORIA PARA LA CREACI\u00d3N DE UNA BOLSA AUX ADMINISTRATIVOS-AS C2.pdf' download>2.1 ANUNCIO RECTIFICACI\u00d3N BASES QUE RIGEN LA CONVOCATORIA PARA LA CREACI\u00d3N DE UNA BOLSA AUX ADMINISTRATIVOS-AS C2.<\/a> \r\n\t       <a target='_blank' href='https:\/..\/haria\/..\/haria\/wp-content\/uploads\/A_convocatoria_bolsas\/CONVOCATORIA BOLSA AUXILIARES C2\/2.1 ANUNCIO RECTIFICACI\u00d3N BASES QUE RIGEN LA CONVOCATORIA PARA LA CREACI\u00d3N DE UNA BOLSA AUX ADMINISTRATIVOS-AS C2.pdf'><img class='lupa' alt='Ver documento' title='Ver documento' src='..\/1.botones\/lupa.png'><\/a>(134,64 KB)<\/li><li class='listasConvocatorias'><a class='enlaceDocs' title='Descargar documento' href='https:\/..\/haria\/..\/haria\/wp-content\/uploads\/A_convocatoria_bolsas\/CONVOCATORIA BOLSA AUXILIARES C2\/2.2 BOP n\u00fam_93 de 31 de julio de 2024 de la rectificaci\u00f3n de las Bases de la Convocatoria para la creaci\u00f3n de una Bolsa de Aux Administrativos C2.pdf' download>2.2 BOP n\u00fam_93 de 31 de julio de 2024 de la rectificaci\u00f3n de las Bases de la Convocatoria para la creaci\u00f3n de una Bolsa de Aux Administrativos C2.<\/a> \r\n\t       <a target='_blank' href='https:\/..\/haria\/..\/haria\/wp-content\/uploads\/A_convocatoria_bolsas\/CONVOCATORIA BOLSA AUXILIARES C2\/2.2 BOP n\u00fam_93 de 31 de julio de 2024 de la rectificaci\u00f3n de las Bases de la Convocatoria para la creaci\u00f3n de una Bolsa de Aux Administrativos C2.pdf'><img class='lupa' alt='Ver documento' title='Ver documento' src='..\/1.botones\/lupa.png'><\/a>(22,19 KB)<\/li><li class='listasConvocatorias'><a class='enlaceDocs' title='Descargar documento' href='https:\/..\/haria\/..\/haria\/wp-content\/uploads\/A_convocatoria_bolsas\/CONVOCATORIA BOLSA AUXILIARES C2\/3. ANEXO II y ANEXO III Bolsa Auxiliares Administrativos-as C2.pdf' download>3. ANEXO II y ANEXO III Bolsa Auxiliares Administrativos-as C2.<\/a> \r\n\t       <a target='_blank' href='https:\/..\/haria\/..\/haria\/wp-content\/uploads\/A_convocatoria_bolsas\/CONVOCATORIA BOLSA AUXILIARES C2\/3. ANEXO II y ANEXO III Bolsa Auxiliares Administrativos-as C2.pdf'><img class='lupa' alt='Ver documento' title='Ver documento' src='..\/1.botones\/lupa.png'><\/a>(113,65 KB)<\/li><li class='listasConvocatorias'><a class='enlaceDocs' title='Descargar documento' href='https:\/..\/haria\/..\/haria\/wp-content\/uploads\/A_convocatoria_bolsas\/CONVOCATORIA BOLSA AUXILIARES C2\/4. BOP N\u00fam 115 de 20 de septiembre de 2024 sobre la aprobaci\u00f3n de listado provisional de admitidos y excluidos de Auxiliares C2.pdf' download>4. BOP N\u00fam 115 de 20 de septiembre de 2024 sobre la aprobaci\u00f3n de listado provisional de admitidos y excluidos de Auxiliares C2.<\/a> \r\n\t       <a target='_blank' href='https:\/..\/haria\/..\/haria\/wp-content\/uploads\/A_convocatoria_bolsas\/CONVOCATORIA BOLSA AUXILIARES C2\/4. BOP N\u00fam 115 de 20 de septiembre de 2024 sobre la aprobaci\u00f3n de listado provisional de admitidos y excluidos de Auxiliares C2.pdf'><img class='lupa' alt='Ver documento' title='Ver documento' src='..\/1.botones\/lupa.png'><\/a>(33,05 KB)<\/li><\/ul><hr class='gorda' \/><br><span style='text-decoration: underline;'><strong>CREACI\u00d3N DE UNA BOLSA DE EMPLEO MEDIANTE EL SISTEMA DE CONCURSO EN LA CATEGOR\u00cdA DE CONDUCTORES\/AS EN EL AYUNTAMIENTO DE HAR\u00cdA<\/strong><\/span><br>Fecha publicaci\u00f3n: 25 de septiembre de 2024.<br><ul class='listasConvocatorias'><li class='listasConvocatorias'><a class='enlaceDocs' title='Descargar documento' href='https:\/..\/haria\/..\/haria\/wp-content\/uploads\/A_convocatoria_bolsas\/CONVOCATORIA CONDUCTORES-AS\/1.1 Bolet\u00edn Oficial de la Provincia de Las Palmas_ N\u00famero 113, lunes 16 de septiembre de 2024.pdf' download>1.1 Bolet\u00edn Oficial de la Provincia de Las Palmas_ N\u00famero 113, lunes 16 de septiembre de 2024.<\/a> \r\n\t       <a target='_blank' href='https:\/..\/haria\/..\/haria\/wp-content\/uploads\/A_convocatoria_bolsas\/CONVOCATORIA CONDUCTORES-AS\/1.1 Bolet\u00edn Oficial de la Provincia de Las Palmas_ N\u00famero 113, lunes 16 de septiembre de 2024.pdf'><img class='lupa' alt='Ver documento' title='Ver documento' src='..\/1.botones\/lupa.png'><\/a>(15,79 MB)<\/li><li class='listasConvocatorias'><a class='enlaceDocs' title='Descargar documento' href='https:\/..\/haria\/..\/haria\/wp-content\/uploads\/A_convocatoria_bolsas\/CONVOCATORIA CONDUCTORES-AS\/2.1 ANEXO I (SOLICITUD).pdf' download>2.1 ANEXO I (SOLICITUD).<\/a> \r\n\t       <a target='_blank' href='https:\/..\/haria\/..\/haria\/wp-content\/uploads\/A_convocatoria_bolsas\/CONVOCATORIA CONDUCTORES-AS\/2.1 ANEXO I (SOLICITUD).pdf'><img class='lupa' alt='Ver documento' title='Ver documento' src='..\/1.botones\/lupa.png'><\/a>(38,49 KB)<\/li><li class='listasConvocatorias'><a class='enlaceDocs' title='Descargar documento' href='https:\/..\/haria\/..\/haria\/wp-content\/uploads\/A_convocatoria_bolsas\/CONVOCATORIA CONDUCTORES-AS\/2.2 ANEXO II (AUTOBAREMACI\u00d3N DE M\u00c9RITOS).pdf' download>2.2 ANEXO II (AUTOBAREMACI\u00d3N DE M\u00c9RITOS).<\/a> \r\n\t       <a target='_blank' href='https:\/..\/haria\/..\/haria\/wp-content\/uploads\/A_convocatoria_bolsas\/CONVOCATORIA CONDUCTORES-AS\/2.2 ANEXO II (AUTOBAREMACI\u00d3N DE M\u00c9RITOS).pdf'><img class='lupa' alt='Ver documento' title='Ver documento' src='..\/1.botones\/lupa.png'><\/a>(25,57 KB)<\/li><\/ul><hr class='gorda' \/><br><center>Para cualquier consulta o duda sobre la documentaci\u00f3n publicada puede hacerlo a trav\u00e9s de nuestra Sede Electr\u00f3nica <a href='https:\/\/sede.ayuntamientodeharia.com\/'><u>sede.ayuntamientodeharia.com<\/u><\/a><\/center><br><hr class='gorda' \/>\n","protected":false},"excerpt":{"rendered":"","protected":false},"author":2,"featured_media":0,"parent":0,"menu_order":0,"comment_status":"closed","ping_status":"closed","template":"","meta":{"footnotes":""},"class_list":["post-34283","page","type-page","status-publish","hentry"],"_links":{"self":[{"href":"https:\/\/www.ayuntamientodeharia.com\/haria\/wp-json\/wp\/v2\/pages\/34283","targetHints":{"allow":["GET"]}}],"collection":[{"href":"https:\/\/www.ayuntamientodeharia.com\/haria\/wp-json\/wp\/v2\/pages"}],"about":[{"href":"https:\/\/www.ayuntamientodeharia.com\/haria\/wp-json\/wp\/v2\/types\/page"}],"author":[{"embeddable":true,"href":"https:\/\/www.ayuntamientodeharia.com\/haria\/wp-json\/wp\/v2\/users\/2"}],"replies":[{"embeddable":true,"href":"https:\/\/www.ayuntamientodeharia.com\/haria\/wp-json\/wp\/v2\/comments?post=34283"}],"version-history":[{"count":1,"href":"https:\/\/www.ayuntamientodeharia.com\/haria\/wp-json\/wp\/v2\/pages\/34283\/revisions"}],"predecessor-version":[{"id":34284,"href":"https:\/\/www.ayuntamientodeharia.com\/haria\/wp-json\/wp\/v2\/pages\/34283\/revisions\/34284"}],"wp:attachment":[{"href":"https:\/\/www.ayuntamientodeharia.com\/haria\/wp-json\/wp\/v2\/media?parent=34283"}],"curies":[{"name":"wp","href":"https:\/\/api.w.org\/{rel}","templated":true}]}}