{"id":33705,"date":"2025-12-01T13:52:28","date_gmt":"2025-12-01T13:52:28","guid":{"rendered":"https:\/\/www.ayuntamientodeharia.com\/haria\/?page_id=33705"},"modified":"2025-12-01T14:02:24","modified_gmt":"2025-12-01T14:02:24","slug":"encuesta-carnaval-2026","status":"publish","type":"page","link":"https:\/\/www.ayuntamientodeharia.com\/haria\/encuesta-carnaval-2026\/","title":{"rendered":"Encuesta carnaval 2026"},"content":{"rendered":"<p>La encuesta estar\u00e1 disponible hasta las 24 horas del d\u00eda 8 de diciembre de 2025.<\/p>\n<div id=\"polls-9\" class=\"wp-polls\">\n\t\t\n\t\t\n\t\t\n\t\t\n\t\t<\/ul>\r\n<p style=\"text-align: center\"><strong><\/strong><\/p>\r\n<\/div>\r\n<br> \r\n<strong>Si puedes leer este texto se debe a que desde su dispositivo o direcci\u00f3n IP ya se ha emitido voto, recuerda que solamente se puede votar una vez desde una misma direcci\u00f3n IP y dispositivo.<\/strong><br>\r\n<br>\n\t\t<input type=\"hidden\" id=\"poll_9_nonce\" name=\"wp-polls-nonce\" value=\"eec6bb8af8\" \/>\n<\/div>\n<div id=\"polls-9-loading\" class=\"wp-polls-loading\"><img decoding=\"async\" src=\"https:\/\/www.ayuntamientodeharia.com\/haria\/wp-content\/plugins\/wp-polls\/images\/loading.gif\" width=\"16\" height=\"16\" alt=\"Cargando ...\" title=\"Cargando ...\" class=\"wp-polls-image\" \/>&nbsp;Cargando ...<\/div>\n\n<p><center><b>Los resultados ser\u00e1n publicados una vez finalizado el per\u00edodo de votaci\u00f3n.<\/b><\/center><\/p>\n<hr>\n","protected":false},"excerpt":{"rendered":"<p>La encuesta estar\u00e1 disponible hasta las 24 horas del d\u00eda 8 de diciembre de 2025. Los resultados ser\u00e1n publicados una vez finalizado el per\u00edodo de votaci\u00f3n.<\/p>\n","protected":false},"author":2,"featured_media":0,"parent":0,"menu_order":0,"comment_status":"closed","ping_status":"closed","template":"","meta":{"footnotes":""},"class_list":["post-33705","page","type-page","status-publish","hentry"],"_links":{"self":[{"href":"https:\/\/www.ayuntamientodeharia.com\/haria\/wp-json\/wp\/v2\/pages\/33705","targetHints":{"allow":["GET"]}}],"collection":[{"href":"https:\/\/www.ayuntamientodeharia.com\/haria\/wp-json\/wp\/v2\/pages"}],"about":[{"href":"https:\/\/www.ayuntamientodeharia.com\/haria\/wp-json\/wp\/v2\/types\/page"}],"author":[{"embeddable":true,"href":"https:\/\/www.ayuntamientodeharia.com\/haria\/wp-json\/wp\/v2\/users\/2"}],"replies":[{"embeddable":true,"href":"https:\/\/www.ayuntamientodeharia.com\/haria\/wp-json\/wp\/v2\/comments?post=33705"}],"version-history":[{"count":7,"href":"https:\/\/www.ayuntamientodeharia.com\/haria\/wp-json\/wp\/v2\/pages\/33705\/revisions"}],"predecessor-version":[{"id":33712,"href":"https:\/\/www.ayuntamientodeharia.com\/haria\/wp-json\/wp\/v2\/pages\/33705\/revisions\/33712"}],"wp:attachment":[{"href":"https:\/\/www.ayuntamientodeharia.com\/haria\/wp-json\/wp\/v2\/media?parent=33705"}],"curies":[{"name":"wp","href":"https:\/\/api.w.org\/{rel}","templated":true}]}}