{"id":28170,"date":"2023-10-11T12:48:29","date_gmt":"2023-10-11T11:48:29","guid":{"rendered":"https:\/\/www.ayuntamientodeharia.com\/haria\/?page_id=28170"},"modified":"2025-11-29T22:05:04","modified_gmt":"2025-11-29T22:05:04","slug":"bienestar-animal","status":"publish","type":"page","link":"https:\/\/www.ayuntamientodeharia.com\/haria\/bienestar-animal\/","title":{"rendered":"\u00c1rea de Bienestar Animal"},"content":{"rendered":"<p>&nbsp;<\/p>\n<p>&nbsp;<\/p>\n<p><img fetchpriority=\"high\" decoding=\"async\" class=\"aligncenter size-full wp-image-28172\" src=\"https:\/\/www.ayuntamientodeharia.com\/haria\/wp-content\/uploads\/2023\/10\/Bienestar-Animal.jpg\" alt=\"\" width=\"1764\" height=\"590\" srcset=\"https:\/\/www.ayuntamientodeharia.com\/haria\/wp-content\/uploads\/2023\/10\/Bienestar-Animal.jpg 1764w, https:\/\/www.ayuntamientodeharia.com\/haria\/wp-content\/uploads\/2023\/10\/Bienestar-Animal-450x151.jpg 450w, https:\/\/www.ayuntamientodeharia.com\/haria\/wp-content\/uploads\/2023\/10\/Bienestar-Animal-1038x347.jpg 1038w, https:\/\/www.ayuntamientodeharia.com\/haria\/wp-content\/uploads\/2023\/10\/Bienestar-Animal-768x257.jpg 768w, https:\/\/www.ayuntamientodeharia.com\/haria\/wp-content\/uploads\/2023\/10\/Bienestar-Animal-550x184.jpg 550w, https:\/\/www.ayuntamientodeharia.com\/haria\/wp-content\/uploads\/2023\/10\/Bienestar-Animal-1536x514.jpg 1536w\" sizes=\"(max-width: 1764px) 100vw, 1764px\" \/><\/p>\n<p>El <strong>\u00c1rea de Bienestar Animal del Ayuntamiento de Har\u00eda<\/strong> es la encargada de realizar las gestiones y servicios necesarios en relaci\u00f3n al cumplimiento de la normativa vigente tanto a nivel nacional como local.<\/p>\n<p><strong><span style=\"text-decoration: underline;\">Entre nuestras tareas est\u00e1n las que se detallan:<\/span><\/strong><\/p>\n<p style=\"padding-left: 40px;\">-Recogida de animales vagabundos o abandonados dentro del municipio<\/p>\n<p style=\"padding-left: 40px;\">-Retirada de animales heridos, una vez tengamos constancia del hecho.<\/p>\n<p style=\"padding-left: 40px;\">-Realizaci\u00f3n de campa\u00f1as relacionadas con la concienciaci\u00f3n de la protecci\u00f3n animal.<\/p>\n<p style=\"padding-left: 40px;\">-Campa\u00f1as de vacunaci\u00f3n e identificaci\u00f3n animal.<\/p>\n<p style=\"padding-left: 40px;\">-Tramitaci\u00f3n de las denuncias recogidas en la normativa actual vigente.<\/p>\n<p><span style=\"text-decoration: underline;\"><strong>Normativa:<\/strong><\/span><\/p>\n<p style=\"padding-left: 40px;\">Descargar <a href=\"https:\/\/www.boe.es\/boe\/dias\/2023\/03\/29\/pdfs\/BOE-A-2023-7936.pdf\" target=\"_blank\" rel=\"noopener\"><span style=\"text-decoration: underline;\">Ley 7\/2023 de, de 28 de marzo, de protecci\u00f3n de los derechos y el bienestar de los animales<\/span><\/a><\/p>\n<p style=\"padding-left: 40px;\">Descargar <a href=\"https:\/\/ayuntamientodeharia.com\/haria\/wp-content\/uploads\/filebase\/ordenanzas\/ORDENANZA-PROTECCION-TENENCIA-RESPONSABLE-Y-VENTA-ANIMALES.pdf\" target=\"_blank\" rel=\"noopener\"><span style=\"text-decoration: underline;\">Ordenanza Municipal sobre Protecci\u00f3n, Tenencia Responsable y Venta de Animales<\/span><\/a><\/p>\n<p>&nbsp;<\/p>\n<p>Si desea realizar sugerencias, o comunicar una incidencia, como haber localizado una mascota perdida, puede hacerlo mediante el correo electr\u00f3nico <strong><a href=\"mailto:bienestaranimal@ayuntamientodeharia.com\"><span style=\"text-decoration: underline;\">bienestaranimal@ayuntamientodeharia.com<\/span><\/a><\/strong> \u00f3 bien a trav\u00e9s del formulario de contacto de esta web, al que puede acceder haciendo <strong><a href=\"https:\/\/www.ayuntamientodeharia.com\/haria\/contacto-2\/\"><span style=\"text-decoration: underline;\">clic aqu\u00ed<\/span><\/a><\/strong>, tambi\u00e9n puede usar el whatsapp del Concejal de Binestar Animal, Marcos Lemes, <strong>673 042 128<\/strong>,\u00a0y tambi\u00e9n al n\u00famero <strong>671 415 884<\/strong> de la Oficina de Bienestar Animal.<\/p>\n<hr \/>\n<p><center><a><img decoding=\"async\" title=\"Volver\" src=\"..\/1.botones\/flecha.jfif\" alt=\"volver a convocatorias\" width=\"50px\" \/><\/a><\/center><\/p>\n","protected":false},"excerpt":{"rendered":"<p>&nbsp; &nbsp; El \u00c1rea de Bienestar Animal del Ayuntamiento de Har\u00eda es la encargada de realizar las gestiones y servicios necesarios en relaci\u00f3n al cumplimiento de la normativa vigente tanto a nivel nacional como local. Entre nuestras tareas est\u00e1n las que se detallan: -Recogida de animales vagabundos o abandonados dentro del municipio -Retirada de animales [&hellip;]<\/p>\n","protected":false},"author":2,"featured_media":33676,"parent":0,"menu_order":0,"comment_status":"closed","ping_status":"closed","template":"","meta":{"footnotes":""},"class_list":["post-28170","page","type-page","status-publish","has-post-thumbnail","hentry"],"_links":{"self":[{"href":"https:\/\/www.ayuntamientodeharia.com\/haria\/wp-json\/wp\/v2\/pages\/28170","targetHints":{"allow":["GET"]}}],"collection":[{"href":"https:\/\/www.ayuntamientodeharia.com\/haria\/wp-json\/wp\/v2\/pages"}],"about":[{"href":"https:\/\/www.ayuntamientodeharia.com\/haria\/wp-json\/wp\/v2\/types\/page"}],"author":[{"embeddable":true,"href":"https:\/\/www.ayuntamientodeharia.com\/haria\/wp-json\/wp\/v2\/users\/2"}],"replies":[{"embeddable":true,"href":"https:\/\/www.ayuntamientodeharia.com\/haria\/wp-json\/wp\/v2\/comments?post=28170"}],"version-history":[{"count":31,"href":"https:\/\/www.ayuntamientodeharia.com\/haria\/wp-json\/wp\/v2\/pages\/28170\/revisions"}],"predecessor-version":[{"id":29531,"href":"https:\/\/www.ayuntamientodeharia.com\/haria\/wp-json\/wp\/v2\/pages\/28170\/revisions\/29531"}],"wp:featuredmedia":[{"embeddable":true,"href":"https:\/\/www.ayuntamientodeharia.com\/haria\/wp-json\/wp\/v2\/media\/33676"}],"wp:attachment":[{"href":"https:\/\/www.ayuntamientodeharia.com\/haria\/wp-json\/wp\/v2\/media?parent=28170"}],"curies":[{"name":"wp","href":"https:\/\/api.w.org\/{rel}","templated":true}]}}