{"id":28078,"date":"2023-09-28T10:24:22","date_gmt":"2023-09-28T09:24:22","guid":{"rendered":"https:\/\/www.ayuntamientodeharia.com\/haria\/?page_id=28078"},"modified":"2026-02-20T10:35:57","modified_gmt":"2026-02-20T10:35:57","slug":"cita-previa-acreditacion","status":"publish","type":"page","link":"https:\/\/www.ayuntamientodeharia.com\/haria\/cita-previa-acreditacion\/","title":{"rendered":"Acreditaci\u00f3n de Identidad Certificado Electr\u00f3nico FNMT"},"content":{"rendered":"<hr \/>\n<p>Nota: <b>Recuerde que antes de acudir a la Oficina de Registro de Identidad, debe haber rellenado el formulario de solicitud para el certificado de persona f\u00edsica en la Sede Electr\u00f3nica de la F\u00e1brica Nacional de Moneda y Timbre, al cual puede acceder mediante este enlace: <a href=\"https:\/\/www.sede.fnmt.gob.es\/certificados\/persona-fisica\/obtener-certificado-software\"><u>FNMT-RCM<\/u><\/a><\/b>, donde obtendr\u00e1 el <strong>c\u00f3digo de solicitud<\/strong>. Tambi\u00e9n puede realizar el tr\u00e1mite mediante tel\u00e9fono m\u00f3vil, para ello deber\u00e1 descargarse la APP, desde al APP Store de su dispositivo, que proporciona la FNMT y con la cual puede realizar el tr\u00e1mite que permite obtener el <strong>c\u00f3digo de solicitud<\/strong>, y posterior descarga del certificado\/firma digital de ciudadano en el mismo dispositivo.<\/p>\n<p><span style=\"color: red;\"><b>IMPORTANTE: La FNMT no proporciona el certificado digital a menores de edad, quedando limitado a mayores de edad o menores emancipados, la alternativa es el sistema Cl@ve. Para obtener m\u00e1s informaci\u00f3n puede hacer <a href=\"https:\/\/clave.gob.es\/registro\/como-puedo-registrarme\">clic aqu\u00ed<\/a><\/b><\/span><\/p>\n<p>Para poder hacer uso de la firma electr\u00f3nica, es posible que deba descargar o actualizar las aplicaciones necesarias para firmar electr\u00f3nicamente tales como <strong>AUTOFIRMA<\/strong>, en el casos de ordenadores, y el <b>Cliente m\u00f3vil @Firma<\/b>, en el caso de dispositivos m\u00f3viles. Puedes descargar el software necesario en el <b>Portal de Administraciones P\u00fablicas<\/b>, al cual puedes acceder a trav\u00e9s de este enlace: <a href=\"https:\/\/firmaelectronica.gob.es\/Home\/Descargas.html\"><u><b>https:\/\/firmaelectronica.gob.es\/Home\/Descargas.html<\/b><\/u><\/a>, en el caso de dispositivos m\u00f3viles debes localizarlo en el <b>App Store<\/b>, recuerde descargar siempre desde sitios oficiales.<\/p>\n<p>Si desea obtener m\u00e1s informaci\u00f3n puede llamar al 637 893 540, en d\u00edas laborales de 8 a 13 horas.<\/p>\n<p><!--<span style=\"color: red;\"><b>Este servicio quedar\u00e1 en suspenso a partir del 30 de diciembre de 2025, se reanudar\u00e1 a partir del d\u00eda 13 de enero de 2026.<\/b><\/span>--><\/p>\n[ssa_booking type=acreditacion-de-identidad]\r\n[wpcode id=\"33268\"]\r\n<center><a href=\"javascript:history.back()\"><img decoding=\"async\" title=\"Volver atr\u00e1s\" src=\"..\/1.botones\/flecha.jfif\" alt=\"Regresar\" width=\"50px\" \/><\/a><\/center>\n","protected":false},"excerpt":{"rendered":"<p>Nota: Recuerde que antes de acudir a la Oficina de Registro de Identidad, debe haber rellenado el formulario de solicitud para el certificado de persona f\u00edsica en la Sede Electr\u00f3nica de la F\u00e1brica Nacional de Moneda y Timbre, al cual puede acceder mediante este enlace: FNMT-RCM, donde obtendr\u00e1 el c\u00f3digo de solicitud. Tambi\u00e9n puede realizar [&hellip;]<\/p>\n","protected":false},"author":2,"featured_media":0,"parent":0,"menu_order":0,"comment_status":"closed","ping_status":"closed","template":"","meta":{"footnotes":""},"class_list":["post-28078","page","type-page","status-publish","hentry"],"_links":{"self":[{"href":"https:\/\/www.ayuntamientodeharia.com\/haria\/wp-json\/wp\/v2\/pages\/28078","targetHints":{"allow":["GET"]}}],"collection":[{"href":"https:\/\/www.ayuntamientodeharia.com\/haria\/wp-json\/wp\/v2\/pages"}],"about":[{"href":"https:\/\/www.ayuntamientodeharia.com\/haria\/wp-json\/wp\/v2\/types\/page"}],"author":[{"embeddable":true,"href":"https:\/\/www.ayuntamientodeharia.com\/haria\/wp-json\/wp\/v2\/users\/2"}],"replies":[{"embeddable":true,"href":"https:\/\/www.ayuntamientodeharia.com\/haria\/wp-json\/wp\/v2\/comments?post=28078"}],"version-history":[{"count":81,"href":"https:\/\/www.ayuntamientodeharia.com\/haria\/wp-json\/wp\/v2\/pages\/28078\/revisions"}],"predecessor-version":[{"id":34267,"href":"https:\/\/www.ayuntamientodeharia.com\/haria\/wp-json\/wp\/v2\/pages\/28078\/revisions\/34267"}],"wp:attachment":[{"href":"https:\/\/www.ayuntamientodeharia.com\/haria\/wp-json\/wp\/v2\/media?parent=28078"}],"curies":[{"name":"wp","href":"https:\/\/api.w.org\/{rel}","templated":true}]}}