{"id":258,"date":"2015-01-15T14:22:38","date_gmt":"2015-01-15T14:22:38","guid":{"rendered":"http:\/\/www.ayuntamientodeharia.com\/haria\/?page_id=258"},"modified":"2015-01-27T09:50:49","modified_gmt":"2015-01-27T09:50:49","slug":"padron-de-habitantes-alta","status":"publish","type":"page","link":"https:\/\/www.ayuntamientodeharia.com\/haria\/padron-de-habitantes-alta\/","title":{"rendered":"Padr\u00f3n de Habitantes &#8211; Alta"},"content":{"rendered":"<p>El padr\u00f3n es el registro que acredita la residencia y el domicilio de los vecinos del municipio a todos los efectos administrativos.<\/p>\n<p>&nbsp;<\/p>\n<p><span style=\"text-decoration: underline;\"><strong>REQUISITOS<\/strong><\/span><br \/>\nToda persona que viva en Espa\u00f1a est\u00e1 obligada a inscribirse en el Padr\u00f3n del Municipio donde reside habitualmente. Quienes vivan en m\u00e1s de un municipio se inscribir\u00e1n en el que residan durante m\u00e1s tiempo al a\u00f1o. El vecino tiene derecho a conocer la informaci\u00f3n que consta en el Padr\u00f3n sobre sus persona y a exigir su rectificaci\u00f3n cuando sea err\u00f3nea o incorrecta.<\/p>\n<p>&nbsp;<\/p>\n<p><span style=\"text-decoration: underline;\"><strong>NORMATIVA<\/strong><\/span><br \/>\n&#8211; Ley Org\u00e1nica 14\/2003, de 20 de noviembre, de reforma de la Ley Org\u00e1nica 4\/2000<br \/>\n&#8211; Reglamento de Poblaci\u00f3n y Demarcaci\u00f3n de las Entidades Locales (Real Decreto 1690\/1986, de 11 de julio).<\/p>\n<p>&nbsp;<\/p>\n<p><span style=\"text-decoration: underline;\"><strong>M\u00c1S INFORMACI\u00d3N<\/strong><\/span><br \/>\nDesde el 22-12-03 como consecuencia de la modificaci\u00f3n de la Ley de Extranjer\u00eda (Art\u00edculo Tercero, apartado cinco de la Ley Org\u00e1nica 14\/2003, de 20 de noviembre, de reforma de la Ley Org\u00e1nica 4\/2000, de 11 de enero, de derechos y libertades de los extranjeros en Espa\u00f1a y su integraci\u00f3n social que ha modificado la Ley 7\/1985, de 2 de abril, Reguladora de las Bases de R\u00e9gimen Local (B.O.E., n\u00fam. 279, de 21 de noviembre), nueva regulaci\u00f3n legal del Padr\u00f3n Municipal de Habitantes: La inscripci\u00f3n en el Padr\u00f3n Municipal s\u00f3lo surtir\u00e1 efecto por el tiempo que subsista el hecho que la motiv\u00f3 (tiempo de estancia o residencia). En todo caso, deber\u00e1 de ser objeto de renovaci\u00f3n peri\u00f3dica cada DOS A\u00d1OS cuando se trate de extranjeros no comunitarios sin residencia permanente en Espa\u00f1a. Para su Renovaci\u00f3n deber\u00e1n comparecer ante las oficinas municipales antes de la finalizaci\u00f3n del plazo contado a partir de la fecha de alta. En caso contrario, se proceder\u00e1 a dar la BAJA AUTOM\u00c1TICA.<\/p>\n<p>&nbsp;<\/p>\n<p><span style=\"text-decoration: underline;\"><strong>DOCUMENTACI\u00d3N<\/strong><\/span><br \/>\nLos documentos que acrediten la identidad deben estar en vigor.<\/p>\n<p style=\"padding-left: 30px;\">-Impreso de Alta firmado por los mayores de edad<br \/>\n-D.N.I., Pasaporte o Tarjeta de Residente en vigor (original y fotocopia) de todos los mayores de edad<br \/>\n-Libro de Familia, si se empadrona alg\u00fan menor de edad.<\/p>\n<p style=\"padding-left: 30px;\">-En relaci\u00f3n al DOMICILIO se deber\u00e1 aportar uno de los siguientes documentos (originales):<\/p>\n<p style=\"padding-left: 60px;\">-Alta en un domicilio de su propiedad cuando no figuren empadronadas otras personas: escritura de compra, alta \u00f3 recibo actualizado a su nombre de agua, luz, gas, IBI.<\/p>\n<p style=\"padding-left: 60px;\">-Alta en un domicilio alquilado en el que el titular del contrato es el interesado: Contrato de alquiler.<\/p>\n<p style=\"padding-left: 60px;\">-Alta en un domicilio en el que ya figuran empadronadas otras personas: autorizaci\u00f3n de un mayor de edad de los que ya figuran empadronados en este domicilio. Adjuntando Fotocopia y Original del DNI (pasaporte, tarjeta residente,&#8230;) de autorizado y autorizante.<\/p>\n<p style=\"padding-left: 60px;\">-Alta en un domicilio propiedad de otra persona, cuando no figuren empadronadas otras personas: Autorizaci\u00f3n del propietario, Fotocopia y Original del DNI (pasaporte, tarjeta residente,&#8230;) de autorizado y autorizante, Justificante de la propiedad de la vivienda (uno de ellos): escritura, alta \u00f3 recibo actualizado de agua, luz, IBI.<\/p>\n<p style=\"padding-left: 60px;\">-Alta en un domicilio en el que el contrato de alquiler figura a nombre de otra persona, cuando no figuren empadronadas otras personas: Autorizaci\u00f3n del titular del contrato de alquiler, Fotocopia y Original del DNI (pasaporte, tarjeta residente,&#8230;) de autorizado y autorizante. Contrato de Alquiler. Alta en un Colectivo (Comunidad Religiosa, Residencia, Acuartelamiento,&#8230;): Autorizaci\u00f3n del superior, Director o persona responsable. Deber\u00e1 estar sellada por la entidad correspondiente.<\/p>\n","protected":false},"excerpt":{"rendered":"<p>El padr\u00f3n es el registro que acredita la residencia y el domicilio de los vecinos del municipio a todos los efectos administrativos. &nbsp; REQUISITOS Toda persona que viva en Espa\u00f1a est\u00e1 obligada a inscribirse en el Padr\u00f3n del Municipio donde reside habitualmente. Quienes vivan en m\u00e1s de un municipio se inscribir\u00e1n en el que residan [&hellip;]<\/p>\n","protected":false},"author":2,"featured_media":0,"parent":0,"menu_order":89,"comment_status":"closed","ping_status":"closed","template":"","meta":{"footnotes":""},"class_list":["post-258","page","type-page","status-publish","hentry"],"_links":{"self":[{"href":"https:\/\/www.ayuntamientodeharia.com\/haria\/wp-json\/wp\/v2\/pages\/258","targetHints":{"allow":["GET"]}}],"collection":[{"href":"https:\/\/www.ayuntamientodeharia.com\/haria\/wp-json\/wp\/v2\/pages"}],"about":[{"href":"https:\/\/www.ayuntamientodeharia.com\/haria\/wp-json\/wp\/v2\/types\/page"}],"author":[{"embeddable":true,"href":"https:\/\/www.ayuntamientodeharia.com\/haria\/wp-json\/wp\/v2\/users\/2"}],"replies":[{"embeddable":true,"href":"https:\/\/www.ayuntamientodeharia.com\/haria\/wp-json\/wp\/v2\/comments?post=258"}],"version-history":[{"count":0,"href":"https:\/\/www.ayuntamientodeharia.com\/haria\/wp-json\/wp\/v2\/pages\/258\/revisions"}],"wp:attachment":[{"href":"https:\/\/www.ayuntamientodeharia.com\/haria\/wp-json\/wp\/v2\/media?parent=258"}],"curies":[{"name":"wp","href":"https:\/\/api.w.org\/{rel}","templated":true}]}}