{"id":2032,"date":"2015-07-27T06:51:10","date_gmt":"2015-07-27T06:51:10","guid":{"rendered":"http:\/\/www.ayuntamientodeharia.com\/haria\/?page_id=2032"},"modified":"2026-01-22T12:22:06","modified_gmt":"2026-01-22T12:22:06","slug":"contactoharia","status":"publish","type":"page","link":"https:\/\/www.ayuntamientodeharia.com\/haria\/contactoharia\/","title":{"rendered":"Contacto y sugerencias"},"content":{"rendered":"<p><a name=\"arriba\"><\/a>&nbsp;<\/p>\n\n<div class=\"wpcf7 no-js\" id=\"wpcf7-f2051-o1\" lang=\"es-ES\" dir=\"ltr\" data-wpcf7-id=\"2051\">\n<div class=\"screen-reader-response\"><p role=\"status\" aria-live=\"polite\" aria-atomic=\"true\"><\/p> <ul><\/ul><\/div>\n<form action=\"\/haria\/wp-json\/wp\/v2\/pages\/2032#wpcf7-f2051-o1\" method=\"post\" class=\"wpcf7-form init\" aria-label=\"Formulario de contacto\" enctype=\"multipart\/form-data\" novalidate=\"novalidate\" data-status=\"init\">\n<fieldset class=\"hidden-fields-container\"><input type=\"hidden\" name=\"_wpcf7\" value=\"2051\" \/><input type=\"hidden\" name=\"_wpcf7_version\" value=\"6.1.5\" \/><input type=\"hidden\" name=\"_wpcf7_locale\" value=\"es_ES\" \/><input type=\"hidden\" name=\"_wpcf7_unit_tag\" value=\"wpcf7-f2051-o1\" \/><input type=\"hidden\" name=\"_wpcf7_container_post\" value=\"0\" \/><input type=\"hidden\" name=\"_wpcf7_posted_data_hash\" value=\"\" \/><input type=\"hidden\" name=\"redirect_nonce\" value=\"e6338ac17d\" \/><input type=\"hidden\" name=\"wpcf7cfpdf_hidden_name\" value=\"formularioWEB-nombre-22_abril_2026\" \/><input type=\"hidden\" name=\"wpcf7cfpdf_hidden_reference\" value=\"81672daf\" \/><input type=\"hidden\" name=\"wpcf7cfpdf_hidden_date\" value=\"22_abril_2026\" \/><input type=\"hidden\" name=\"_wpcf7_recaptcha_response\" value=\"\" \/>\n<\/fieldset>\n<style>\n.wpcf7 { \n background-color: #f5f5f5; \/* Color de fondo *\/\n border: 2px solid #eee; \/* borde para el formulario *\/\n padding:20px 10px 10px 10px;\n -webkit-border-radius: 4px; \/* bordes redondeados *\/\n -moz-border-radius: 4px; \n border-radius: 4px; \n}\n\n.wpcf7-file {\n \/*visibility: hidden;*\/\n color: white;\nbackground-color: grey;\n}\n\n.wpcf7-file:after {\n \/*content:'SUBIR';*\/\n \/*visibility: visible;*\/\n \/*display: block;*\/\n \/*background-color: grey;*\/\n \/*color: white;*\/\n \/*padding: 15px;*\/\n \/*top: 2px;*\/\n\n}\n<\/style>\n<p>Nombre (requerido) <span class=\"wpcf7-form-control-wrap\" data-name=\"nombre\"><input size=\"30\" maxlength=\"30\" class=\"wpcf7-form-control wpcf7-text wpcf7-validates-as-required\" aria-required=\"true\" aria-invalid=\"false\" value=\"\" type=\"text\" name=\"nombre\" \/><\/span>\n<\/p>\n<p>E-mail (requerido) <span class=\"wpcf7-form-control-wrap\" data-name=\"email\"><input size=\"40\" maxlength=\"400\" class=\"wpcf7-form-control wpcf7-email wpcf7-validates-as-required wpcf7-text wpcf7-validates-as-email\" aria-required=\"true\" aria-invalid=\"false\" value=\"\" type=\"email\" name=\"email\" \/><\/span>\n<\/p>\n<p>Tel\u00e9fono (opcional) <span class=\"wpcf7-form-control-wrap\" data-name=\"telefono\"><input size=\"40\" maxlength=\"400\" class=\"wpcf7-form-control wpcf7-text\" aria-invalid=\"false\" value=\"\" type=\"text\" name=\"telefono\" \/><\/span>\n<\/p>\n<p>Departamento al que va destinado <span class=\"wpcf7-form-control-wrap\" data-name=\"destinatario\"><select class=\"wpcf7-form-control wpcf7-select wpcf7-validates-as-required\" aria-required=\"true\" aria-invalid=\"false\" name=\"destinatario\"><option value=\"\"><\/option><option value=\"Agencia de Empleo y Desarrollo Local\">Agencia de Empleo y Desarrollo Local<\/option><option value=\"Agricultura\">Agricultura<\/option><option value=\"Alcald\u00eda\">Alcald\u00eda<\/option><option value=\"Bienestar Animal\">Bienestar Animal<\/option><option value=\"Cultura\">Cultura<\/option><option value=\"Deportes\">Deportes<\/option><option value=\"Educaci\u00f3n\">Educaci\u00f3n<\/option><option value=\"Festejos\">Festejos<\/option><option value=\"Intervenci\u00f3n\">Intervenci\u00f3n<\/option><option value=\"Juzgado\">Juzgado<\/option><option value=\"La Hoja de Har\u00eda\">La Hoja de Har\u00eda<\/option><option value=\"Nuevas Tecnolog\u00edas\">Nuevas Tecnolog\u00edas<\/option><option value=\"Oficina T\u00e9cnica\">Oficina T\u00e9cnica<\/option><option value=\"Parque Movil\">Parque Movil<\/option><option value=\"Polic\u00eda Local\">Polic\u00eda Local<\/option><option value=\"Recursos Humanos\">Recursos Humanos<\/option><option value=\"Servicios Sociales\">Servicios Sociales<\/option><option value=\"Tercera Edad\">Tercera Edad<\/option><option value=\"Tesorer\u00eda\">Tesorer\u00eda<\/option><option value=\"Turismo\">Turismo<\/option><\/select><\/span>\n<\/p>\n<p>Asunto (requerido) <span class=\"wpcf7-form-control-wrap\" data-name=\"tema\"><input size=\"70\" maxlength=\"50\" class=\"wpcf7-form-control wpcf7-text wpcf7-validates-as-required\" aria-required=\"true\" aria-invalid=\"false\" value=\"\" type=\"text\" name=\"tema\" \/><\/span>\n<\/p>\n<p>Si lo deseas puedes adjuntar archivos (M\u00e1ximo 4MB. Formatos admitidos: PDF y JPG)\n<\/p>\n<p><span class=\"wpcf7-form-control-wrap\" data-name=\"file-549\"><input size=\"40\" class=\"wpcf7-form-control wpcf7-file c01\" id=\"web\" accept=\".pdf,.jpg,.jpeg\" aria-invalid=\"false\" type=\"file\" name=\"file-549\" \/><\/span>\n<\/p>\n<p><span class=\"wpcf7-form-control-wrap\" data-name=\"file-550\"><input size=\"40\" class=\"wpcf7-form-control wpcf7-file c01\" accept=\".pdf,.jpg,.jpeg\" aria-invalid=\"false\" type=\"file\" name=\"file-550\" \/><\/span>\n<\/p>\n<p>Su mensaje:<br \/>\n(M\u00e1x. 800 caracteres. Quedan: <span class=\"wpcf7-character-count down\" data-target-name=\"mensaje\" data-starting-value=\"800\" data-current-value=\"800\" data-maximum-value=\"800\">800<\/span>)<br \/>\n<span class=\"wpcf7-form-control-wrap\" data-name=\"mensaje\"><textarea cols=\"60\" rows=\"10\" maxlength=\"800\" class=\"wpcf7-form-control wpcf7-textarea wpcf7-validates-as-required\" aria-required=\"true\" aria-invalid=\"false\" name=\"mensaje\"><\/textarea><\/span>\n<\/p>\n<p><script languaje=\"javasCript\">\r\n    function mostrarTextoOculto(){\r\n        if (document.getElementById(\"textoOculto\").style.display==\"none\"){\r\n            document.getElementById(\"textoOculto\").style.display=\"inherit\";\r\n            document.getElementById(\"textoEnlace\").innerHTML =\"<u>Ocultar t\u00e9rminos y condiciones de uso<\/u>\";\r\n            }else{\r\n            document.getElementById(\"textoOculto\").style.display=\"none\";\r\n            document.getElementById(\"textoEnlace\").innerHTML =\"<u>Mostrar t\u00e9rminos y condiciones de uso<\/u>\";\r\n        }\r\n    }\r\n<\/script>\r\n<style>\t\r\n\tol.lista { padding-left: 1em; }\r\n\tul.lista { padding-left: 1em; }\r\n\tli.lista { padding-left: 0em; }\r\n<\/style>\r\n<hr>\r\n<center><a href=\"javascript:mostrarTextoOculto();\" id=\"textoEnlace\"><u>Mostrar t\u00e9rminos y condiciones de uso<\/u><\/a><\/center>\r\n<div id=\"textoOculto\" style=\"display: none;\">\r\n<hr>\r\n<h2>Identificaci\u00f3n y Titularidad<\/h2>\n<p>En cumplimiento del art\u00edculo 10 de la Ley 34\/2002, de 11 de julio, de Servicios de la Sociedad de la Informaci\u00f3n y Comercio Electr\u00f3nico, el Titular expone sus datos identificativos:<\/p>\n<ul>\n<li><b>Titular:<\/b> Ayuntamiento de Har\u00eda.<\/li>\n<li><b>NIF:<\/b>\u00a0P3501100F<\/li>\n<li><b>Domicilio:<\/b> Plaza de la Constituci\u00f3n, n\u00ba. 1 de Har\u00eda (CP-35520), &#8211; Espa\u00f1a.<\/li>\n<li><b>Correo electr\u00f3nico:<\/b> dpd@ayuntamientodeharia.com<\/li>\n<li><b>Tel\u00e9fono de contacto:<\/b> 928835251<\/li>\n<li><b>Sitio Web:<\/b> <a href=\"https:\/\/www.ayuntamientodeharia.com\/haria\">https:\/\/www.ayuntamientodeharia.com<\/a><\/li>\n<\/ul>\n<h2>Condiciones de Uso<\/h2>\n<p>La utilizaci\u00f3n del Sitio Web le otorga la condici\u00f3n de Usuario, e implica la aceptaci\u00f3n completa de todas las cl\u00e1usulas y condiciones de uso incluidas en las p\u00e1ginas:<\/p>\n<ul>\n<li><a href=\"https:\/\/www.ayuntamientodeharia.com\/haria\/aviso-legal\/\">Aviso Legal<\/a><\/li>\n<li><a href=\"https:\/\/www.ayuntamientodeharia.com\/haria\/politica-de-privacidad\/\">Pol\u00edtica de Privacidad<\/a><\/li>\n<li><a href=\"https:\/\/www.ayuntamientodeharia.com\/haria\/politica-de-cookies\/\">Pol\u00edtica de Cookies<\/a><\/li>\n<\/ul>\n<p>Si no estuviera conforme con todas y cada una de estas cl\u00e1usulas y condiciones abst\u00e9ngase de utilizar el Sitio Web.<\/p>\n<p>El acceso al Sitio Web no supone, en modo alguno, el inicio de una relaci\u00f3n comercial con el Titular.<\/p>\n<p>A trav\u00e9s del Sitio Web, el Titular le facilita el acceso y la utilizaci\u00f3n de diversos contenidos que el Titular y\/o sus colaboradores han publicado por medio de Internet.<\/p>\n<p>A tal efecto, est\u00e1 obligado y comprometido a NO utilizar cualquiera de los contenidos del Sitio Web con fines o efectos il\u00edcitos, prohibidos en este Aviso Legal o por la legislaci\u00f3n vigente, lesivos de los derechos e intereses de terceros, o que de cualquier forma puedan da\u00f1ar, inutilizar, sobrecargar, deteriorar o impedir la normal utilizaci\u00f3n de los contenidos, los equipos inform\u00e1ticos o los documentos, archivos y toda clase de contenidos almacenados en cualquier equipo inform\u00e1tico propios o contratados por el Titular, de otros usuarios o de cualquier usuario de Internet.<\/p>\n<h2>Medidas de seguridad<\/h2>\n<p>Los datos personales que facilite al Titular pueden ser almacenados en bases de datos automatizadas o no, cuya titularidad corresponde en exclusiva al Titular, que asume todas las medidas de \u00edndole t\u00e9cnica, organizativa y de seguridad que garantizan la confidencialidad, integridad y calidad de la informaci\u00f3n contenida en las mismas de acuerdo con lo establecido en la normativa vigente en protecci\u00f3n de datos.<\/p>\n<p>No obstante, debe ser consciente de que las medidas de seguridad de los sistemas inform\u00e1ticos en Internet no son enteramente fiables y que, por tanto el Titular no puede garantizar la inexistencia de virus u otros elementos que puedan producir alteraciones en los sistemas inform\u00e1ticos (software y hardware) del Usuario o en sus documentos electr\u00f3nicos y ficheros contenidos en los mismos aunque el Titular pone todos los medios necesarios y toma las medidas de seguridad oportunas para evitar la presencia de estos elementos da\u00f1inos.<\/p>\n<h2>Tratamiento de Datos Personales<\/h2>\n<p>Puede consultar toda la informaci\u00f3n relativa al tratamiento de datos personales que recoge el Titular en la p\u00e1gina de <a href=\"https:\/\/www.ayuntamientodeharia.com\/haria\/politica-de-privacidad\/\">Pol\u00edtica de Privacidad<\/a>.<\/p>\n<h2>Contenidos<\/h2>\n<p>El Titular ha obtenido la informaci\u00f3n, el contenido multimedia y los materiales incluidos en el Sitio Web de fuentes que considera fiables, pero, si bien ha tomado todas las medidas razonables para asegurar que la informaci\u00f3n contenida es correcta, el Titular no garantiza que sea exacta, completa o actualizada. El Titular declina expresamente cualquier responsabilidad por error u omisi\u00f3n en la informaci\u00f3n contenida en las p\u00e1ginas del Sitio Web.<\/p>\n<p>Queda prohibido transmitir o enviar a trav\u00e9s del Sitio Web cualquier contenido ilegal o il\u00edcito, virus inform\u00e1ticos, o mensajes que, en general, afecten o violen derechos del Titular o de terceros.<\/p>\n<p>Los contenidos del Sitio Web tienen \u00fanicamente una finalidad informativa y bajo ninguna circunstancia deben usarse ni considerarse como oferta de venta, solicitud de una oferta de compra ni recomendaci\u00f3n para realizar cualquier otra operaci\u00f3n, salvo que as\u00ed se indique expresamente.<\/p>\n<p>El Titular se reserva el derecho a modificar, suspender, cancelar o restringir el contenido del Sitio Web, los v\u00ednculos o la informaci\u00f3n obtenida a trav\u00e9s del Sitio Web, sin necesidad de previo aviso.<\/p>\n<p>El Titular no es responsable de los da\u00f1os y perjuicios que pudieran derivarse de la utilizaci\u00f3n de la informaci\u00f3n del Sitio Web.<\/p>\n<h2>Pol\u00edtica de cookies<\/h2>\n<p>Puede consultar toda la informaci\u00f3n relativa a la pol\u00edtica de recogida y tratamiento de las cookies en la p\u00e1gina de <a href=\"https:\/\/www.ayuntamientodeharia.com\/haria\/politica-de-cookies\/\">Pol\u00edtica de Cookies<\/a>.<\/p>\n<h2>Enlaces a otros sitios Web<\/h2>\n<p>El Titular puede proporcionarle acceso a sitios Web de terceros mediante enlaces con la finalidad exclusiva de informar sobre la existencia de otras fuentes de informaci\u00f3n en Internet en las que podr\u00e1 ampliar los datos ofrecidos en el Sitio Web.<\/p>\n<p>Estos enlaces a otros sitios Web no suponen en ning\u00fan caso una sugerencia o recomendaci\u00f3n para que usted visite las p\u00e1ginas web de destino, que est\u00e1n fuera del control del Titular, por lo que el Titular no es responsable del contenido de los sitios web vinculados ni del resultado que obtenga al seguir los enlaces.<br \/>\nAsimismo, el Titular no responde de los links o enlaces ubicados en los sitios web vinculados a los que le proporciona acceso.<\/p>\n<p>El establecimiento del enlace no implica en ning\u00fan caso la existencia de relaciones entre el Titular y el propietario del sitio en el que se establezca el enlace, ni la aceptaci\u00f3n o aprobaci\u00f3n por parte del Titular de sus contenidos o servicios.<\/p>\n<p>Si accede a un sitio web externo desde un enlace que encuentre en el Sitio Web usted deber\u00e1 leer la propia pol\u00edtica de privacidad del otro sitio web que puede ser diferente de la de este sitio Web.<\/p>\n<h2>Propiedad intelectual e industrial<\/h2>\n<p>Todos los derechos est\u00e1n reservados.<\/p>\n<p>Todo acceso a este Sitio Web est\u00e1 sujeto a las siguientes condiciones: la reproducci\u00f3n, almacenaje permanente y la difusi\u00f3n de los contenidos o cualquier otro uso que tenga finalidad p\u00fablica o comercial queda expresamente prohibida sin el consentimiento previo expreso y por escrito del Titular.<\/p>\n<h2>Limitaci\u00f3n de responsabilidad<\/h2>\n<p>La informaci\u00f3n y servicios incluidos o disponibles a trav\u00e9s del Sitio Web pueden incluir incorrecciones o errores tipogr\u00e1ficos. De forma peri\u00f3dica el Titular incorpora mejoras y\/o cambios a la informaci\u00f3n contenida y\/o los Servicios que puede introducir en cualquier momento.<\/p>\n<p>El Titular no declara ni garantiza que los servicios o contenidos sean interrumpidos o que est\u00e9n libres de errores, que los defectos sean corregidos, o que el servicio o el servidor que lo pone a disposici\u00f3n est\u00e9n libres de virus u otros componentes nocivos sin perjuicio de que el Titular realiza todos los esfuerzos en evitar este tipo de incidentes.<\/p>\n<p>El Titular declina cualquier responsabilidad en caso de que existan interrupciones o un mal funcionamiento de los Servicios o contenidos ofrecidos en Internet, cualquiera que sea su causa. Asimismo, el Titular no se hace responsable por ca\u00eddas de la red, p\u00e9rdidas de negocio a consecuencia de dichas ca\u00eddas, suspensiones temporales de fluido el\u00e9ctrico o cualquier otro tipo de da\u00f1o indirecto que te pueda ser causado por causas ajenas a el Titular.<\/p>\n<p>Antes de tomar decisiones y\/o acciones con base a la informaci\u00f3n incluida en el Sitio Web, el Titular le recomienda comprobar y contrastar la informaci\u00f3n recibida con otras fuentes.<\/p>\n<h2>Jurisdicci\u00f3n<\/h2>\n<p>Este Aviso Legal se rige \u00edntegramente por la legislaci\u00f3n espa\u00f1ola.<\/p>\n<h2>Contacto<\/h2>\n<p>En caso de que usted tenga cualquier duda acerca de este Aviso Legal o quiera realizar cualquier comentario sobre el Sitio Web, puede enviar un mensaje de correo electr\u00f3nico a la direcci\u00f3n: dpd@ayuntamientodeharia.com<\/p>\n<h2>Aviso Legal y Cl\u00e1usula de exenci\u00f3n de responsabilidad<\/h2>\n<p>El presente sitio web tiene por objeto poner a disposici\u00f3n de los usuarios toda clase de servicios e informaciones relacionadas con el Ayuntamiento de Har\u00eda, as\u00ed como otras que se estimen de inter\u00e9s para los usuarios de la web y\/o vecinos de este Municipio. Nuestro objetivo consiste en velar por la actualidad y exactitud de dicha informaci\u00f3n, en caso de discrepancia prevalecer\u00e1 lo publicado en boletines y documentaci\u00f3n oficial impresa.<\/p>\n<p>El Ayuntamiento de Har\u00eda se reserva la facultad de efectuar, en cualquier momento y sin necesidad de previo aviso, modificaciones y actualizaciones sobre la informaci\u00f3n contenida en su web o en su configuraci\u00f3n o presentaci\u00f3n con el fin de realizar mejoras en el servicio al ciudadano.<\/p>\n<p>El Ayuntamiento de Har\u00eda no garantiza la inexistencia de errores en el acceso a esta web o en su contenido ni que \u00e9ste se encuentre totalmente actualizado, aunque har\u00e1 los esfuerzos precisos para evitarlos y, en su caso, subsanarlos o actualizarlos a la mayor brevedad posible.<\/p>\n<p>La informaci\u00f3n proporcionada a trav\u00e9s de \u2018<a href=\"http:\/\/www.haria.es\"><u>haria.es<\/u><\/a>\u2018, \u2018<a href=\"http:\/\/www.ayuntamientodeharia.com\"><u>ayuntamientodeharia.com<\/u><\/a>\u2018, as\u00ed como otros dominios cuya titularidad sean de este ayuntamiento, tiene car\u00e1cter meramente orientativo y en ning\u00fan caso podr\u00e1 ser vinculante para la resoluci\u00f3n de los procedimientos administrativos, que se hallar\u00e1 sujeta exclusivamente a la normativa que les sea de aplicaci\u00f3n. \u00danicamente los textos publicados en las ediciones impresas de los diferentes boletines oficiales tienen car\u00e1cter vinculante, aut\u00e9ntico y validez oficial.<\/p>\n<p>Tanto el acceso a la web, como el uso que pueda hacerse de la informaci\u00f3n contenida en el mismo son de la exclusiva responsabilidad de quien lo realiza. El Ayuntamiento de Har\u00eda no responder\u00e1 de ninguna consecuencia, da\u00f1o o perjuicio que pudieran derivarse de dicho acceso o uso de informaci\u00f3n, con excepci\u00f3n de todas aquellas actuaciones que resulten de las disposiciones legales aplicables.<\/p>\n<p>En este sitio web se han incluido enlaces a p\u00e1ginas de sitios web de terceros (\u00ablinks\u00bb) que se han considerado de inter\u00e9s para los usuarios. No obstante, el Ayuntamiento de Har\u00eda no asume responsabilidad alguna derivada de la conexi\u00f3n o contenidos de los enlaces de terceros a los que se hace referencia en la web.<\/p>\n<h2>Pol\u00edtica de Privacidad y Protecci\u00f3n de datos<\/h2>\n<p>Conforme a lo previsto en el art\u00edculo 5 de la LOPD y en el Reglamento Europeo de Protecci\u00f3n de Datos (RGPD), se informa al USUARIO que, mediante los formularios de registro de la web, se recaban datos, que podr\u00e1n ser almacenados en en un fichero, con la finalidad que se indica en el mismo, as\u00ed como otras comunicaciones que este Ayuntamiento considere interesante para sus USUARIOS, en ning\u00fan caso ser\u00e1n cedidos a terceros. Los campos marcados como de cumplimentaci\u00f3n obligatoria, son imprescindibles para realizar la finalidad expresada.<\/p>\n<p>Bajo ning\u00fan concepto, estos datos ser\u00e1n cedidos, compartidos, transferidos, ni vendidos a ning\u00fan tercero. Podr\u00e1 ejercitar los derechos de acceso, rectificaci\u00f3n, supresi\u00f3n y limitaci\u00f3n ante el Ayuntamiento de Har\u00eda \u2013 Plaza de la Constituci\u00f3n, n\u00ba 1. 35520. Puede ponerse en contacto con el Delegado de Protecci\u00f3n de datos a trav\u00e9s del siguiente correo electr\u00f3nico: <a href=\"mailto:dpd@ayuntamientodeharia.com\"><u>dpd@ayuntamientodeharia.com<\/u><\/a> indicando en el asunto <b>Ref. Protecci\u00f3n de Datos<\/b> o a trav\u00e9s de la Sede Electr\u00f3nica del Ayuntamiento <u><a href=\"https:\/\/sede.ayuntamientodeharia.com\">https:\/\/sede.ayuntamientodeharia.com<\/a><\/u><\/p>\n<h2>Modificaci\u00f3n de la Pol\u00edtica de Privacidad<\/h2>\n<p>El Ayuntamiento de Har\u00eda se reserva el derecho a modificar su Pol\u00edtica de Privacidad, de acuerdo a criterio responsable, o motivado por cambios legislativos, jurisprudencial o doctrinal de la Agencia Espa\u00f1ola de Protecci\u00f3n de Datos, entre otros.<\/p>\n<p>Cualquier modificaci\u00f3n de la Pol\u00edtica de Privacidad ser\u00e1 publicada al menos diez d\u00edas antes de su efectiva aplicaci\u00f3n. El uso de la Web despu\u00e9s de dichos cambios, implicar\u00e1 la aceptaci\u00f3n de los mismos.<\/p>\n<p>&nbsp;<\/p>\n<\/div>\r\n<hr>\r\n<br \/>\n&nbsp;<br \/>\n<span class=\"wpcf7-form-control-wrap\" data-name=\"aceptar-terminos\"><span class=\"wpcf7-form-control wpcf7-acceptance\"><span class=\"wpcf7-list-item\"><input type=\"checkbox\" name=\"aceptar-terminos\" value=\"1\" aria-invalid=\"false\" \/><\/span><\/span><\/span> Acepto los t\u00e9rminos y condiciones de uso.&nbsp;&nbsp; <input class=\"wpcf7-form-control wpcf7-submit has-spinner\" type=\"submit\" value=\"Enviar formulario\" \/>\n<\/p>\n\n<div class=\"wpcf7-response-output\" aria-hidden=\"true\"><\/div>\n<\/form>\n<\/div>\n\n<p><center><a href=\"javascript:history.back()\"><img decoding=\"async\" title=\"Volver atr\u00e1s\" src=\"..\/1.botones\/flecha.jfif\" alt=\"Regresar\" width=\"50px\" \/><\/a><\/center><\/p>\n","protected":false},"excerpt":{"rendered":"<p>&nbsp;<\/p>\n","protected":false},"author":2,"featured_media":0,"parent":0,"menu_order":31,"comment_status":"closed","ping_status":"closed","template":"","meta":{"footnotes":""},"class_list":["post-2032","page","type-page","status-publish","hentry"],"_links":{"self":[{"href":"https:\/\/www.ayuntamientodeharia.com\/haria\/wp-json\/wp\/v2\/pages\/2032","targetHints":{"allow":["GET"]}}],"collection":[{"href":"https:\/\/www.ayuntamientodeharia.com\/haria\/wp-json\/wp\/v2\/pages"}],"about":[{"href":"https:\/\/www.ayuntamientodeharia.com\/haria\/wp-json\/wp\/v2\/types\/page"}],"author":[{"embeddable":true,"href":"https:\/\/www.ayuntamientodeharia.com\/haria\/wp-json\/wp\/v2\/users\/2"}],"replies":[{"embeddable":true,"href":"https:\/\/www.ayuntamientodeharia.com\/haria\/wp-json\/wp\/v2\/comments?post=2032"}],"version-history":[{"count":12,"href":"https:\/\/www.ayuntamientodeharia.com\/haria\/wp-json\/wp\/v2\/pages\/2032\/revisions"}],"predecessor-version":[{"id":34116,"href":"https:\/\/www.ayuntamientodeharia.com\/haria\/wp-json\/wp\/v2\/pages\/2032\/revisions\/34116"}],"wp:attachment":[{"href":"https:\/\/www.ayuntamientodeharia.com\/haria\/wp-json\/wp\/v2\/media?parent=2032"}],"curies":[{"name":"wp","href":"https:\/\/api.w.org\/{rel}","templated":true}]}}